{"id":16,"date":"2017-08-05T13:03:55","date_gmt":"2017-08-05T11:03:55","guid":{"rendered":"http:\/\/fifty-one-mons-levant.be\/?page_id=16"},"modified":"2025-09-18T00:47:32","modified_gmt":"2025-09-17T22:47:32","slug":"accueil","status":"publish","type":"page","link":"https:\/\/fifty-one-mons-levant.be\/","title":{"rendered":"Accueil"},"content":{"rendered":"<h1>Bienvenue sur le nouveau site web du Fifty-One Club de Mons Levant!<\/h1>\n<p>Le <a href=\"https:\/\/fifty-one-international.org\" target=\"_blank\" rel=\"noopener\">Fifty-One International<\/a> est un \u00ab\u00a0service club\u00a0\u00bb d&rsquo;origine belge dont la finalit\u00e9 est la promotion de <strong>l&rsquo;Amiti\u00e9, l&rsquo;Estime et la Tol\u00e9rance<\/strong> au-del\u00e0 de tout clivage racial, philosophique ou politique. Nous organisons ou participons \u00e0 de nombreuses activit\u00e9s pour soutenir diverses&nbsp;<strong>\u0153uvres sociales<\/strong>, en particulier dans le domaine du bien-\u00eatre des enfants.<\/p>\n<p>Le club de <a href=\"https:\/\/fr.wikipedia.org\/wiki\/Mons\" target=\"_blank\" rel=\"noopener noreferrer\">Mons<\/a>-Levant est <strong>exclusivement masculin<\/strong>, mais nous sommes associ\u00e9s au club f\u00e9minin \u00ab\u00a0Ladies\u00a0\u00bb de Mons avec lequel nous organisons r\u00e9guli\u00e8rement des r\u00e9unions et activit\u00e9s communes.<\/p>\n<p>Voir <a href=\"http:\/\/fifty-one-mons-levant.be\/?page_id=17\">\u00c0 propos de&#8230;<\/a> pour plus d&rsquo;informations sur notre club et ses valeurs.<\/p>\n<p><em><span style=\"text-decoration: underline;\">Nos prochaines r\u00e9unions.<\/span><\/em><\/p>\n<hr>\n<div class=\"display-posts-listing\"><div class=\"listing-item\"><a class=\"title\" href=\"https:\/\/fifty-one-mons-levant.be\/?p=7439\">RS970: La compagnie montoise des Hallebardiers avec Philippe Orlandi<\/a> <span class=\"excerpt-dash\">-<\/span> <span class=\"excerpt\">R\u00e9servation aupr\u00e8s de notre chef du protocole, Georges Verhoeven ==>\u00a0+32 473 37 13 44 \/\u2026 <span class=\"excerpt-more\">...<\/span><\/span><\/div><div class=\"listing-item\"><a class=\"title\" href=\"https:\/\/fifty-one-mons-levant.be\/?p=7441\">RS971: Visite du Gouverneur<\/a> <span class=\"excerpt-dash\">-<\/span> <span class=\"excerpt\">R\u00e9servation aupr\u00e8s de notre chef du protocole, Georges Verhoeven ==>\u00a0+32 473 37 13 44 \/\u2026 <span class=\"excerpt-more\">...<\/span><\/span><\/div><\/div>\n","protected":false},"excerpt":{"rendered":"<p>Bienvenue sur le nouveau site web du Fifty-One Club de Mons Levant! Le Fifty-One International est un \u00ab\u00a0service club\u00a0\u00bb d&rsquo;origine belge dont la finalit\u00e9 est la promotion de l&rsquo;Amiti\u00e9, l&rsquo;Estime et la Tol\u00e9rance au-del\u00e0 de tout clivage racial, philosophique ou politique. Nous organisons ou participons \u00e0 de nombreuses activit\u00e9s pour soutenir diverses&nbsp;\u0153uvres sociales, en particulier &hellip; <\/p>\n<p class=\"link-more\"><a href=\"https:\/\/fifty-one-mons-levant.be\/?p=7441\" class=\"more-link\">Continuer la lecture<span class=\"screen-reader-text\"> de &laquo;&nbsp;RS971: Visite du Gouverneur&nbsp;&raquo;<\/span><\/a><\/p>\n","protected":false},"author":1,"featured_media":3858,"parent":0,"menu_order":0,"comment_status":"closed","ping_status":"closed","template":"","meta":{"_monsterinsights_skip_tracking":false,"_monsterinsights_sitenote_active":false,"_monsterinsights_sitenote_note":"","_monsterinsights_sitenote_category":0,"ngg_post_thumbnail":0,"footnotes":""},"class_list":["post-16","page","type-page","status-publish","has-post-thumbnail","hentry"],"_links":{"self":[{"href":"https:\/\/fifty-one-mons-levant.be\/index.php?rest_route=\/wp\/v2\/pages\/16","targetHints":{"allow":["GET"]}}],"collection":[{"href":"https:\/\/fifty-one-mons-levant.be\/index.php?rest_route=\/wp\/v2\/pages"}],"about":[{"href":"https:\/\/fifty-one-mons-levant.be\/index.php?rest_route=\/wp\/v2\/types\/page"}],"author":[{"embeddable":true,"href":"https:\/\/fifty-one-mons-levant.be\/index.php?rest_route=\/wp\/v2\/users\/1"}],"replies":[{"embeddable":true,"href":"https:\/\/fifty-one-mons-levant.be\/index.php?rest_route=%2Fwp%2Fv2%2Fcomments&post=16"}],"version-history":[{"count":30,"href":"https:\/\/fifty-one-mons-levant.be\/index.php?rest_route=\/wp\/v2\/pages\/16\/revisions"}],"predecessor-version":[{"id":7352,"href":"https:\/\/fifty-one-mons-levant.be\/index.php?rest_route=\/wp\/v2\/pages\/16\/revisions\/7352"}],"wp:featuredmedia":[{"embeddable":true,"href":"https:\/\/fifty-one-mons-levant.be\/index.php?rest_route=\/wp\/v2\/media\/3858"}],"wp:attachment":[{"href":"https:\/\/fifty-one-mons-levant.be\/index.php?rest_route=%2Fwp%2Fv2%2Fmedia&parent=16"}],"curies":[{"name":"wp","href":"https:\/\/api.w.org\/{rel}","templated":true}]}}