{"id":164,"date":"2017-12-17T08:55:26","date_gmt":"2017-12-17T07:55:26","guid":{"rendered":"http:\/\/fifty-one-mons-levant.be\/?page_id=164"},"modified":"2019-12-15T12:02:14","modified_gmt":"2019-12-15T11:02:14","slug":"rapports-des-reunions","status":"publish","type":"page","link":"https:\/\/fifty-one-mons-levant.be\/?page_id=164","title":{"rendered":"Nos R\u00e9unions"},"content":{"rendered":"<div class=\"display-posts-listing\"><div class=\"listing-item\"><a class=\"title\" href=\"https:\/\/fifty-one-mons-levant.be\/?p=7472\">PV Mars 2026<\/a> <span class=\"excerpt-dash\">-<\/span> <span class=\"excerpt\">RS967: Maldelgaire, Vincent, une double vie \/ RS968: Quartiers d&rsquo;histoire<\/span><\/div><div class=\"listing-item\"><a class=\"title\" href=\"https:\/\/fifty-one-mons-levant.be\/?p=7464\">PV F\u00e9vrier 2026<\/a> <span class=\"excerpt-dash\">-<\/span> <span class=\"excerpt\">RS965: Les voies navigables en Hainaut \/ RS966: Distillerie Ovis Nigra<\/span><\/div><div class=\"listing-item\"><a class=\"title\" href=\"https:\/\/fifty-one-mons-levant.be\/?p=7460\">PV Janvier 2026<\/a> <span class=\"excerpt-dash\">-<\/span> <span class=\"excerpt\">RS963: Voeux du pr\u00e9sident; RS964: Parent&rsquo;Aise &amp; Sens&rsquo;Ciel<\/span><\/div><div class=\"listing-item\"><a class=\"title\" href=\"https:\/\/fifty-one-mons-levant.be\/?p=7468\">PV D\u00e9cembre 2025<\/a> <span class=\"excerpt-dash\">-<\/span> <span class=\"excerpt\">RS961: Expo David Hockney \/ RS962: March\u00e9 de No\u00ebl<\/span><\/div><div class=\"listing-item\"><a class=\"title\" href=\"https:\/\/fifty-one-mons-levant.be\/?p=7421\">PV Novembre 2025<\/a> <span class=\"excerpt-dash\">-<\/span> <span class=\"excerpt\">RS959: Sucrerie de Qu\u00e9vy \/ RS960: Bowling des bassins<\/span><\/div><div class=\"listing-item\"><a class=\"title\" href=\"https:\/\/fifty-one-mons-levant.be\/?p=7417\">PV Octobre 2025<\/a> <span class=\"excerpt-dash\">-<\/span> <span class=\"excerpt\">RS957: Apiculture \/ RS958: Jeux en bois<\/span><\/div><div class=\"listing-item\"><a class=\"title\" href=\"https:\/\/fifty-one-mons-levant.be\/?p=7394\">PV Septembre 2025<\/a> <span class=\"excerpt-dash\">-<\/span> <span class=\"excerpt\">RS955: 4h Cuistax \/ RS956: Assembl\u00e9e G\u00e9n\u00e9rale<\/span><\/div><div class=\"listing-item\"><a class=\"title\" href=\"https:\/\/fifty-one-mons-levant.be\/?p=7447\">PV Juin 2025<\/a> <span class=\"excerpt-dash\">-<\/span> <span class=\"excerpt\">RS953: Jeux entre nous \/ RS954: Tournai Jazz Festival<\/span><\/div><div class=\"listing-item\"><a class=\"title\" href=\"https:\/\/fifty-one-mons-levant.be\/?p=7443\">PV Mai 2025<\/a> <span class=\"excerpt-dash\">-<\/span> <span class=\"excerpt\">RS951: La Boccia \/ RS952: Mundaneum Cit\u00e9 des possibles<\/span><\/div><div class=\"listing-item\"><a class=\"title\" href=\"https:\/\/fifty-one-mons-levant.be\/?p=7391\">PV Avril 2025<\/a> <span class=\"excerpt-dash\">-<\/span> <span class=\"excerpt\">RS949: Archives de l&rsquo;\u00e9tat \/ RS950: Visite Gouverneur<\/span><\/div><div class=\"listing-item\"><a class=\"title\" href=\"https:\/\/fifty-one-mons-levant.be\/?p=7388\">PV Mars 2025<\/a> <span class=\"excerpt-dash\">-<\/span> <span class=\"excerpt\">RS947: Helora \/ RS948: Intelligence Artificielle<\/span><\/div><div class=\"listing-item\"><a class=\"title\" href=\"https:\/\/fifty-one-mons-levant.be\/?p=7384\">PV F\u00e9vrier 2025<\/a> <span class=\"excerpt-dash\">-<\/span> <span class=\"excerpt\">RS945: Visite Expo Surr\u00e9alisme au CAP \/ RS946: Emballage F\u00e9dasil<\/span><\/div><div class=\"listing-item\"><a class=\"title\" href=\"https:\/\/fifty-one-mons-levant.be\/?p=7150\">PV Janvier 2025<\/a> <span class=\"excerpt-dash\">-<\/span> <span class=\"excerpt\">RS943: Voeux du pr\u00e9sident \/ RS944: Accueil des oiseaux au jardin<\/span><\/div><div class=\"listing-item\"><a class=\"title\" href=\"https:\/\/fifty-one-mons-levant.be\/?p=7147\">PV D\u00e9cembre 2024<\/a> <span class=\"excerpt-dash\">-<\/span> <span class=\"excerpt\">RS941: N\u00e9olithique \u00e0 Spiennes \/ RS942: Homo Sapiens vs Homo AI<\/span><\/div><div class=\"listing-item\"><a class=\"title\" href=\"https:\/\/fifty-one-mons-levant.be\/?p=7140\">PV Novembre 2024<\/a> <span class=\"excerpt-dash\">-<\/span> <span class=\"excerpt\">RS939: Chapelle St Antoine en Barbefosse \/ RS940: GO4ZERO chez Holcim<\/span><\/div><div class=\"listing-item\"><a class=\"title\" href=\"https:\/\/fifty-one-mons-levant.be\/?p=7124\">PV Octobre 2024<\/a> <span class=\"excerpt-dash\">-<\/span> <span class=\"excerpt\">RS937: Maison Interm\u00e8de \/ RS938: Edition locale<\/span><\/div><div class=\"listing-item\"><a class=\"title\" href=\"https:\/\/fifty-one-mons-levant.be\/?p=7119\">PV Septembre 2024<\/a> <span class=\"excerpt-dash\">-<\/span> <span class=\"excerpt\">RS935: Assembl\u00e9e G\u00e9n\u00e9rale \/ RS936: Remue M\u00e9ninge<\/span><\/div><div class=\"listing-item\"><a class=\"title\" href=\"https:\/\/fifty-one-mons-levant.be\/?p=7107\">PV Juin 2024<\/a> <span class=\"excerpt-dash\">-<\/span> <span class=\"excerpt\">RS933: Projet Orion \/ RS934: BBQ fin de saison<\/span><\/div><div class=\"listing-item\"><a class=\"title\" href=\"https:\/\/fifty-one-mons-levant.be\/?p=7103\">PV Mai 2024<\/a> <span class=\"excerpt-dash\">-<\/span> <span class=\"excerpt\">RS931: Visite du Gouverneur \/ RS932: DVI, Identification des victimes<\/span><\/div><div class=\"listing-item\"><a class=\"title\" href=\"https:\/\/fifty-one-mons-levant.be\/?p=7100\">PV Avril 2024<\/a> <span class=\"excerpt-dash\">-<\/span> <span class=\"excerpt\">RS929: Amusette \/ RS930: Expo Rodin au BAM<\/span><\/div><div class=\"listing-item\"><a class=\"title\" href=\"https:\/\/fifty-one-mons-levant.be\/?p=7095\">PV Mars 2024<\/a> <span class=\"excerpt-dash\">-<\/span> <span class=\"excerpt\">RS927: Science-Fiction, ath\u00e9isme et religion: une trinit\u00e9 pas sainte \/ RS928: La grande aventure du Sexe<\/span><\/div><div class=\"listing-item\"><a class=\"title\" href=\"https:\/\/fifty-one-mons-levant.be\/?p=7026\">PV F\u00e9vrier 2024<\/a> <span class=\"excerpt-dash\">-<\/span> <span class=\"excerpt\">RS925: Chandeleur \u00e0 Casteau \/ RS926: Exploitation de la craie en Hainaut.<\/span><\/div><div class=\"listing-item\"><a class=\"title\" href=\"https:\/\/fifty-one-mons-levant.be\/?p=6990\">PV Janvier 2024<\/a> <span class=\"excerpt-dash\">-<\/span> <span class=\"excerpt\">RS923: Voeux du pr\u00e9sident \u00e0 l&rsquo;Arsonic avec l&rsquo;ORCW \/ RS924: Assemblage de boite de couleurs<\/span><\/div><div class=\"listing-item\"><a class=\"title\" href=\"https:\/\/fifty-one-mons-levant.be\/?p=6977\">PV D\u00e9cembre 2023<\/a> <span class=\"excerpt-dash\">-<\/span> <span class=\"excerpt\">Histoire de gares \u00e0 Mons \/ Mons Coeur en Neige<\/span><\/div><div class=\"listing-item\"><a class=\"title\" href=\"https:\/\/fifty-one-mons-levant.be\/?p=6938\">PV Novembre 2023<\/a> <span class=\"excerpt-dash\">-<\/span> <span class=\"excerpt\">Initiation au Tir \/ Contrat Rivi\u00e8re Haine \/ Chirurgie de guerre<\/span><\/div><div class=\"listing-item\"><a class=\"title\" href=\"https:\/\/fifty-one-mons-levant.be\/?p=6935\">PV Octobre 2023<\/a> <span class=\"excerpt-dash\">-<\/span> <span class=\"excerpt\">D\u00e9mergement Cuesmes \/ La place du fran\u00e7ais dans le monde<\/span><\/div><div class=\"listing-item\"><a class=\"title\" href=\"https:\/\/fifty-one-mons-levant.be\/?p=6900\">PV Septembre 2023<\/a> <span class=\"excerpt-dash\">-<\/span> <span class=\"excerpt\">La Malogne \/ AG Extraordinaire \/ Soir\u00e9e Surprise<\/span><\/div><div class=\"listing-item\"><a class=\"title\" href=\"https:\/\/fifty-one-mons-levant.be\/?p=6897\">PV Juin 2023<\/a> <span class=\"excerpt-dash\">-<\/span> <span class=\"excerpt\">Ducasse de Mons \/ ASBL Projet Malogne \/ Barbecue en famille<\/span><\/div><div class=\"listing-item\"><a class=\"title\" href=\"https:\/\/fifty-one-mons-levant.be\/?p=6894\">PV Mai 2023<\/a> <span class=\"excerpt-dash\">-<\/span> <span class=\"excerpt\">P\u00e2ques sans P\u00e2ques \/ Visite du gouverneur<\/span><\/div><div class=\"listing-item\"><a class=\"title\" href=\"https:\/\/fifty-one-mons-levant.be\/?p=6633\">PV AVRIL 2023<\/a> <span class=\"excerpt-dash\">-<\/span> <span class=\"excerpt\">Animation entre bienheureux \/ Souvenirs des USA<\/span><\/div><div class=\"listing-item\"><a class=\"title\" href=\"https:\/\/fifty-one-mons-levant.be\/?p=6630\">PV MARS 2023<\/a> <span class=\"excerpt-dash\">-<\/span> <span class=\"excerpt\">Axoum \/ Saint-Lazare \/ Batraciens<\/span><\/div><div class=\"listing-item\"><a class=\"title\" href=\"https:\/\/fifty-one-mons-levant.be\/?p=6508\">PV FEB 2023: Chandeleur + Maison Interm\u00e8de.<\/a><\/div><div class=\"listing-item\"><a class=\"title\" href=\"https:\/\/fifty-one-mons-levant.be\/?p=6489\">PV JAN 2023: Voeux + Rochehaut<\/a><\/div><div class=\"listing-item\"><a class=\"title\" href=\"https:\/\/fifty-one-mons-levant.be\/?p=6486\">PV DEC 2022: Expo Mir\u00f2 + Mons Coeur en Neige<\/a><\/div><div class=\"listing-item\"><a class=\"title\" href=\"https:\/\/fifty-one-mons-levant.be\/?p=6483\">PV OCT 2022: F\u00e9dasil + Confection boites<\/a><\/div><div class=\"listing-item\"><a class=\"title\" href=\"https:\/\/fifty-one-mons-levant.be\/?p=6480\">PV SEP 2022: FO Day + Retrouvailles + Patro + AG<\/a><\/div><div class=\"listing-item\"><a class=\"title\" href=\"https:\/\/fifty-one-mons-levant.be\/?p=6477\">PV JUN 2022: D\u00e9peceur Mons + Contr\u00f4le Interne + BBQ<\/a><\/div><div class=\"listing-item\"><a class=\"title\" href=\"https:\/\/fifty-one-mons-levant.be\/?p=6474\">PV MAI 2022: Voyage sur Mars + AG + Visite Gouverneur<\/a><\/div><div class=\"listing-item\"><a class=\"title\" href=\"https:\/\/fifty-one-mons-levant.be\/?p=6471\">PV AVR 2022: Master Mind + Contrefa\u00e7on<\/a><\/div><div class=\"listing-item\"><a class=\"title\" href=\"https:\/\/fifty-one-mons-levant.be\/?p=6468\">PV MAR 2022: Impro + Whisky Master Class + Procession du Car d&rsquo;Or<\/a><\/div><div class=\"listing-item\"><a class=\"title\" href=\"https:\/\/fifty-one-mons-levant.be\/?p=6465\">PV FEV 2022: Chandeleur + Alzheimer<\/a><\/div><div class=\"listing-item\"><a class=\"title\" href=\"https:\/\/fifty-one-mons-levant.be\/?p=6462\">PV JAN 2022: Voeux + F\u00e9dasil<\/a><\/div><div class=\"listing-item\"><a class=\"title\" href=\"https:\/\/fifty-one-mons-levant.be\/?p=6459\">PV DEC 2021: Andropause + Chanceler + Mons Coeur en F\u00eate<\/a><\/div><div class=\"listing-item\"><a class=\"title\" href=\"https:\/\/fifty-one-mons-levant.be\/?p=6456\">PV NOV 2021: Escape Game + Amusette<\/a><\/div><div class=\"listing-item\"><a class=\"title\" href=\"https:\/\/fifty-one-mons-levant.be\/?p=6453\">PV OCT 2021: Maison Interm\u00e8de + Bowling<\/a><\/div><div class=\"listing-item\"><a class=\"title\" href=\"https:\/\/fifty-one-mons-levant.be\/?p=6450\">PV SEP 2021: Journ\u00e9e vacances + AG + Brocante St Alfred + Permaculture<\/a><\/div><div class=\"listing-item\"><a class=\"title\" href=\"https:\/\/fifty-one-mons-levant.be\/?p=6447\">PV SEP 2020: Retrouvailles + AG<\/a><\/div><div class=\"listing-item\"><a class=\"title\" href=\"https:\/\/fifty-one-mons-levant.be\/?p=6443\">PV Juin 2020: AG + COVID<\/a><\/div><div class=\"listing-item\"><a class=\"title\" href=\"https:\/\/fifty-one-mons-levant.be\/?p=6096\">PV Mars 2020: Bowling des Bassins + COVID#19<\/a><\/div><div class=\"listing-item\"><a class=\"title\" href=\"https:\/\/fifty-one-mons-levant.be\/?p=6080\">PV F\u00e9vrier 2020: Blanc Murmure + Mundaneum<\/a><\/div><div class=\"listing-item\"><a class=\"title\" href=\"https:\/\/fifty-one-mons-levant.be\/?p=6012\">PV Janvier 2020: Voeux du pr\u00e9sident + EscapeRoom<\/a><\/div><div class=\"listing-item\"><a class=\"title\" href=\"https:\/\/fifty-one-mons-levant.be\/?p=5921\">PV D\u00e9cembre 2019: Slips Inside + RS1000 FOC Mons<\/a><\/div><div class=\"listing-item\"><a class=\"title\" href=\"https:\/\/fifty-one-mons-levant.be\/?p=5914\">PV RS862 du 21\/11\/2019: Cuba par Jean-Marc Lecocq.<\/a><\/div><div class=\"listing-item\"><a class=\"title\" href=\"https:\/\/fifty-one-mons-levant.be\/?p=5917\">PV RS861 du 7\/11\/2019: La Viticulture Responsable par Denis Munck.<\/a><\/div><div class=\"listing-item\"><a class=\"title\" href=\"https:\/\/fifty-one-mons-levant.be\/?p=4036\">PV RS860bis du 31\/10\/2019: La Chasse par Jean-Marc Devaux<\/a><\/div><div class=\"listing-item\"><a class=\"title\" href=\"https:\/\/fifty-one-mons-levant.be\/?p=4043\">PV RS860 du 17\/10\/2019: La gestion des d\u00e9chets chez Hygea par Jacques De Moortel.<\/a><\/div><div class=\"listing-item\"><a class=\"title\" href=\"https:\/\/fifty-one-mons-levant.be\/?p=4039\">PV RS859 du 3\/10\/2019: L&rsquo;\u00e9volution de l&rsquo;horlogerie par Claude Lagneaux.<\/a><\/div><div class=\"listing-item\"><a class=\"title\" href=\"https:\/\/fifty-one-mons-levant.be\/?p=4046\">PV RS858 du 22\/09\/2019: Waudru &#038; Vincent \u00e0 nouveau r\u00e9unis \u00e0 Casteau.<\/a><\/div><div class=\"listing-item\"><a class=\"title\" href=\"https:\/\/fifty-one-mons-levant.be\/?p=4049\">PV RS857 du 5\/09\/2019: Assembl\u00e9e G\u00e9n\u00e9rale<\/a><\/div><div class=\"listing-item\"><a class=\"title\" href=\"https:\/\/fifty-one-mons-levant.be\/?p=4052\">PV RS856 du 20\/06\/2019: Quizz Vacances par Marc Godart.<\/a><\/div><div class=\"listing-item\"><a class=\"title\" href=\"https:\/\/fifty-one-mons-levant.be\/?p=659\">PV RS825 du 4\/01\/2018: Les Voeux du Pr\u00e9sident<\/a> <span class=\"excerpt-dash\">-<\/span> <span class=\"excerpt\">Rapport de la r\u00e9union \u00c9ph\u00e9m\u00e9rides Aujourd\u2019hui jeudi 4 janvier 2018,&nbsp;4e jour de l\u2019ann\u00e9e (semaine 1), le soleil s\u2019est lev\u00e9 \u00e0 8h44m02s et se couche \u00e0 16h54m40s, soit 8h10m38s de jour. Les temp\u00e9ratures sont tr\u00e8s douces pour la saison avec des maxima nettement au-dessus des 10\u00b0, mais le temps est tr\u00e8s pluvieux et venteux. La temp\u00eate &hellip; <p class=\"link-more\"><a href=\"https:\/\/fifty-one-mons-levant.be\/?p=659\" class=\"more-link\">Continuer la lecture<span class=\"screen-reader-text\"> de &laquo;&nbsp;PV RS825 du 4\/01\/2018: Les Voeux du Pr\u00e9sident&nbsp;&raquo;<\/span><\/a><\/p><\/span><\/div><div class=\"listing-item\"><a class=\"title\" href=\"https:\/\/fifty-one-mons-levant.be\/?p=2759\">PV RS824 du 21\/12\/2017: Commune Mons et Mons Ladies. Catherine G\u00e9linne. \u00ab\u00a0La Di\u00e9t\u00e9tique\u00a0\u00bb<\/a> <span class=\"excerpt-dash\">-<\/span> <span class=\"excerpt\">Catherine G\u00e9linne, bien connue des montois pour son r\u00f4le de Cyb\u00e8le dans le combat dit Lume\u00e7on,&nbsp;est di\u00e9t\u00e9ticienne nutritionniste de profession ; elle est professeure (ma\u00eetre assistant) \u00e0 la haute \u00e9cole du Hainaut Condorcet de Tournai, a travaill\u00e9 comme di\u00e9t\u00e9ticienne clinicienne au CHU Ambroise Par\u00e9 de Mons, et a offici\u00e9 comme di\u00e9t\u00e9ticienne au conseil de pr\u00e9vention &hellip; <p class=\"link-more\"><a href=\"https:\/\/fifty-one-mons-levant.be\/?p=2759\" class=\"more-link\">Continuer la lecture<span class=\"screen-reader-text\"> de &laquo;&nbsp;PV RS824 du 21\/12\/2017: Commune Mons et Mons Ladies. Catherine G\u00e9linne. \u00ab\u00a0La Di\u00e9t\u00e9tique\u00a0\u00bb&nbsp;&raquo;<\/span><\/a><\/p><\/span><\/div><div class=\"listing-item\"><a class=\"title\" href=\"https:\/\/fifty-one-mons-levant.be\/?p=2601\">PV RS823 du 9\/12\/2017: La Convivialit\u00e9 au Moulin de Saint-Denis<\/a> <span class=\"excerpt-dash\">-<\/span> <span class=\"excerpt\">Par une soir\u00e9e d\u2019hiver, fort humide, les premier arriv\u00e9s pro tent du bar en attendant tous les participants. Vueimprenable sur la cascade du Moulin de Saint-Denis. L\u2019ambiance monte, avant l\u2019entr\u00e9e en salle, l\u2019organisation distribue \u00e0 chaque spectateur un plaque \u00e0 deux couleurs (rouge au verso et vert au recto), un crayon (plus ou moins bien &hellip; <p class=\"link-more\"><a href=\"https:\/\/fifty-one-mons-levant.be\/?p=2601\" class=\"more-link\">Continuer la lecture<span class=\"screen-reader-text\"> de &laquo;&nbsp;PV RS823 du 9\/12\/2017: La Convivialit\u00e9 au Moulin de Saint-Denis&nbsp;&raquo;<\/span><\/a><\/p><\/span><\/div><div class=\"listing-item\"><a class=\"title\" href=\"https:\/\/fifty-one-mons-levant.be\/?p=2773\">PV RS822 du 16\/12\/2017: Eddy Deschamps. \u00ab\u00a0Le pouvoir du rythme\u00a0\u00bb.<\/a> <span class=\"excerpt-dash\">-<\/span> <span class=\"excerpt\">Eddy Deschamps a une longue exp\u00e9rience musicale en tant que percussionniste ; il est entre autres bien connu des montois pour sa participation au Doudou en tant que timbalier de la procession, jusqu&rsquo;\u00e0 cette ann\u00e9e. Il est aussi \u00e0 la t\u00eate de l&rsquo;ASBL \u00ab hit music center \u00bb qui promotionne des jeunes talents en produisant &hellip; <p class=\"link-more\"><a href=\"https:\/\/fifty-one-mons-levant.be\/?p=2773\" class=\"more-link\">Continuer la lecture<span class=\"screen-reader-text\"> de &laquo;&nbsp;PV RS822 du 16\/12\/2017: Eddy Deschamps. \u00ab\u00a0Le pouvoir du rythme\u00a0\u00bb.&nbsp;&raquo;<\/span><\/a><\/p><\/span><\/div><div class=\"listing-item\"><a class=\"title\" href=\"https:\/\/fifty-one-mons-levant.be\/?p=2598\">PV RS822bis du 4\/11\/2017: Sur les pas de Victor Hugo<\/a><\/div><\/div>\n\n\n<p><\/p>\n","protected":false},"excerpt":{"rendered":"","protected":false},"author":1,"featured_media":0,"parent":315,"menu_order":0,"comment_status":"closed","ping_status":"closed","template":"","meta":{"_monsterinsights_skip_tracking":false,"_monsterinsights_sitenote_active":false,"_monsterinsights_sitenote_note":"","_monsterinsights_sitenote_category":0,"ngg_post_thumbnail":0,"footnotes":""},"class_list":["post-164","page","type-page","status-publish","hentry"],"_links":{"self":[{"href":"https:\/\/fifty-one-mons-levant.be\/index.php?rest_route=\/wp\/v2\/pages\/164","targetHints":{"allow":["GET"]}}],"collection":[{"href":"https:\/\/fifty-one-mons-levant.be\/index.php?rest_route=\/wp\/v2\/pages"}],"about":[{"href":"https:\/\/fifty-one-mons-levant.be\/index.php?rest_route=\/wp\/v2\/types\/page"}],"author":[{"embeddable":true,"href":"https:\/\/fifty-one-mons-levant.be\/index.php?rest_route=\/wp\/v2\/users\/1"}],"replies":[{"embeddable":true,"href":"https:\/\/fifty-one-mons-levant.be\/index.php?rest_route=%2Fwp%2Fv2%2Fcomments&post=164"}],"version-history":[{"count":7,"href":"https:\/\/fifty-one-mons-levant.be\/index.php?rest_route=\/wp\/v2\/pages\/164\/revisions"}],"predecessor-version":[{"id":5926,"href":"https:\/\/fifty-one-mons-levant.be\/index.php?rest_route=\/wp\/v2\/pages\/164\/revisions\/5926"}],"up":[{"embeddable":true,"href":"https:\/\/fifty-one-mons-levant.be\/index.php?rest_route=\/wp\/v2\/pages\/315"}],"wp:attachment":[{"href":"https:\/\/fifty-one-mons-levant.be\/index.php?rest_route=%2Fwp%2Fv2%2Fmedia&parent=164"}],"curies":[{"name":"wp","href":"https:\/\/api.w.org\/{rel}","templated":true}]}}