{"id":18,"date":"2017-08-05T13:03:55","date_gmt":"2017-08-05T11:03:55","guid":{"rendered":"http:\/\/fifty-one-mons-levant.be\/?page_id=18"},"modified":"2019-08-09T09:44:25","modified_gmt":"2019-08-09T07:44:25","slug":"contact","status":"publish","type":"page","link":"https:\/\/fifty-one-mons-levant.be\/?page_id=18","title":{"rendered":"Liste de diffusion"},"content":{"rendered":"<p><!-- Begin Mailchimp Signup Form -->\r\n<link href=\"\/\/cdn-images.mailchimp.com\/embedcode\/classic-10_7.css\" rel=\"stylesheet\" type=\"text\/css\">\r\n<style type=\"text\/css\">\r\n\t#mc_embed_signup{background:#fff; clear:left; font:14px Helvetica,Arial,sans-serif; }\r\n\t\/* Add your own Mailchimp form style overrides in your site stylesheet or in this style block.\r\n\t   We recommend moving this block and the preceding CSS link to the HEAD of your HTML file. *\/\r\n<\/style>\r\n<style type=\"text\/css\">\r\n\t#mc-embedded-subscribe-form input[type=checkbox]{display: inline; width: auto;margin-right: 10px;}\r\n\t#mergeRow-gdpr {margin-top: 20px;}\r\n\t#mergeRow-gdpr fieldset label {font-weight: normal;}\r\n\t#mc-embedded-subscribe-form .mc_fieldset{border:none;min-height: 0px;padding-bottom:0px;}\r\n<\/style>\r\n<div id=\"mc_embed_signup\">\r\n<form action=\"https:\/\/51monslevant.us16.list-manage.com\/subscribe\/post?u=bee624938d00927123d9ed5f6&amp;id=dc550eb035\" method=\"post\" id=\"mc-embedded-subscribe-form\" name=\"mc-embedded-subscribe-form\" class=\"validate\" target=\"_blank\" novalidate>\r\n    <div id=\"mc_embed_signup_scroll\">\r\n\t<h2>Inscrivez-vous \u00e0 notre liste de diffusion<\/h2>\r\n<div class=\"indicates-required\"><span class=\"asterisk\">*<\/span> indicates required<\/div>\r\n<div class=\"mc-field-group\">\r\n\t<label for=\"mce-EMAIL\">Email Address  <span class=\"asterisk\">*<\/span>\r\n<\/label>\r\n\t<input type=\"email\" value=\"\" name=\"EMAIL\" class=\"required email\" id=\"mce-EMAIL\">\r\n<\/div>\r\n<div class=\"mc-field-group\">\r\n\t<label for=\"mce-FNAME\">Pr\u00e9nom  <span class=\"asterisk\">*<\/span>\r\n<\/label>\r\n\t<input type=\"text\" value=\"\" name=\"FNAME\" class=\"required\" id=\"mce-FNAME\">\r\n<\/div>\r\n<div class=\"mc-field-group\">\r\n\t<label for=\"mce-LNAME\">Nom  <span class=\"asterisk\">*<\/span>\r\n<\/label>\r\n\t<input type=\"text\" value=\"\" name=\"LNAME\" class=\"required\" id=\"mce-LNAME\">\r\n<\/div>\r\n<div class=\"mc-address-group\">\r\n\t<div class=\"mc-field-group\">\r\n\t    <label for=\"mce-ADDRESS-addr1\">Adresse <\/label>\r\n\t\t<input type=\"text\" value=\"\" maxlength=\"70\" name=\"ADDRESS[addr1]\" id=\"mce-ADDRESS-addr1\" class=\"\">\r\n\t<\/div>\r\n\t<div class=\"mc-field-group\">\r\n\t    <label for=\"mce-ADDRESS-addr2\">Address Line 2<\/label>\r\n\t\t<input type=\"text\" value=\"\" maxlength=\"70\" name=\"ADDRESS[addr2]\" id=\"mce-ADDRESS-addr2\">\t\t\r\n\t<\/div>\r\n\t<div class=\"mc-field-group size1of2\">\r\n\t    <label for=\"mce-ADDRESS-city\">City<\/label>\r\n\t\t<input type=\"text\" value=\"\" maxlength=\"40\" name=\"ADDRESS[city]\" id=\"mce-ADDRESS-city\" class=\"\">\r\n\t<\/div>\r\n\t<div class=\"mc-field-group size1of2\">\r\n\t    <label for=\"mce-ADDRESS-state\">State\/Province\/Region<\/label>\r\n\t<input type=\"text\" value=\"\" maxlength=\"20\" name=\"ADDRESS[state]\" id=\"mce-ADDRESS-state\" class=\"\">\r\n\t<\/div>\r\n\t<div class=\"mc-field-group size1of2\">\r\n\t    <label for=\"mce-ADDRESS-zip\">Postal \/ Zip Code<\/label>\r\n\t\t<input type=\"text\" value=\"\" maxlength=\"10\" name=\"ADDRESS[zip]\" id=\"mce-ADDRESS-zip\" class=\"\">\r\n\t<\/div>\r\n\t<div class=\"mc-field-group size1of2\">\r\n\t    <label for=\"mce-ADDRESS-country\">Country<\/label>\r\n\t\t<select name=\"ADDRESS[country]\" id=\"mce-ADDRESS-country\" class=\"\"><option value=\"164\">USA<\/option><option value=\"286\">Aaland Islands<\/option><option value=\"274\">Afghanistan<\/option><option value=\"2\">Albania<\/option><option value=\"3\">Algeria<\/option><option value=\"178\">American Samoa<\/option><option value=\"4\">Andorra<\/option><option value=\"5\">Angola<\/option><option value=\"176\">Anguilla<\/option><option value=\"175\">Antigua And Barbuda<\/option><option value=\"6\">Argentina<\/option><option value=\"7\">Armenia<\/option><option value=\"179\">Aruba<\/option><option value=\"8\">Australia<\/option><option value=\"9\">Austria<\/option><option value=\"10\">Azerbaijan<\/option><option value=\"11\">Bahamas<\/option><option value=\"12\">Bahrain<\/option><option value=\"13\">Bangladesh<\/option><option value=\"14\">Barbados<\/option><option value=\"15\">Belarus<\/option><option value=\"16\" selected>Belgium<\/option><option value=\"17\">Belize<\/option><option value=\"18\">Benin<\/option><option value=\"19\">Bermuda<\/option><option value=\"20\">Bhutan<\/option><option value=\"21\">Bolivia<\/option><option value=\"325\">Bonaire, Saint Eustatius and Saba<\/option><option value=\"22\">Bosnia and Herzegovina<\/option><option value=\"23\">Botswana<\/option><option value=\"181\">Bouvet Island<\/option><option value=\"24\">Brazil<\/option><option value=\"180\">Brunei Darussalam<\/option><option value=\"25\">Bulgaria<\/option><option value=\"26\">Burkina Faso<\/option><option value=\"27\">Burundi<\/option><option value=\"28\">Cambodia<\/option><option value=\"29\">Cameroon<\/option><option value=\"30\">Canada<\/option><option value=\"31\">Cape Verde<\/option><option value=\"32\">Cayman Islands<\/option><option value=\"33\">Central African Republic<\/option><option value=\"34\">Chad<\/option><option value=\"35\">Chile<\/option><option value=\"36\">China<\/option><option value=\"185\">Christmas Island<\/option><option value=\"37\">Colombia<\/option><option value=\"204\">Comoros<\/option><option value=\"38\">Congo<\/option><option value=\"183\">Cook Islands<\/option><option value=\"268\">Costa Rica<\/option><option value=\"275\">Cote D'Ivoire<\/option><option value=\"40\">Croatia<\/option><option value=\"276\">Cuba<\/option><option value=\"298\">Curacao<\/option><option value=\"41\">Cyprus<\/option><option value=\"42\">Czech Republic<\/option><option value=\"318\">Democratic Republic of the Congo<\/option><option value=\"43\">Denmark<\/option><option value=\"44\">Djibouti<\/option><option value=\"289\">Dominica<\/option><option value=\"187\">Dominican Republic<\/option><option value=\"45\">Ecuador<\/option><option value=\"46\">Egypt<\/option><option value=\"47\">El Salvador<\/option><option value=\"48\">Equatorial Guinea<\/option><option value=\"49\">Eritrea<\/option><option value=\"50\">Estonia<\/option><option value=\"51\">Ethiopia<\/option><option value=\"189\">Falkland Islands<\/option><option value=\"191\">Faroe Islands<\/option><option value=\"52\">Fiji<\/option><option value=\"53\">Finland<\/option><option value=\"54\">France<\/option><option value=\"193\">French Guiana<\/option><option value=\"277\">French Polynesia<\/option><option value=\"56\">Gabon<\/option><option value=\"57\">Gambia<\/option><option value=\"58\">Georgia<\/option><option value=\"59\">Germany<\/option><option value=\"60\">Ghana<\/option><option value=\"194\">Gibraltar<\/option><option value=\"61\">Greece<\/option><option value=\"195\">Greenland<\/option><option value=\"192\">Grenada<\/option><option value=\"196\">Guadeloupe<\/option><option value=\"62\">Guam<\/option><option value=\"198\">Guatemala<\/option><option value=\"270\">Guernsey<\/option><option value=\"63\">Guinea<\/option><option value=\"65\">Guyana<\/option><option value=\"200\">Haiti<\/option><option value=\"66\">Honduras<\/option><option value=\"67\">Hong Kong<\/option><option value=\"68\">Hungary<\/option><option value=\"69\">Iceland<\/option><option value=\"70\">India<\/option><option value=\"71\">Indonesia<\/option><option value=\"278\">Iran<\/option><option value=\"279\">Iraq<\/option><option value=\"74\">Ireland<\/option><option value=\"323\">Isle of Man<\/option><option value=\"75\">Israel<\/option><option value=\"76\">Italy<\/option><option value=\"202\">Jamaica<\/option><option value=\"78\">Japan<\/option><option value=\"288\">Jersey  (Channel Islands)<\/option><option value=\"79\">Jordan<\/option><option value=\"80\">Kazakhstan<\/option><option value=\"81\">Kenya<\/option><option value=\"203\">Kiribati<\/option><option value=\"82\">Kuwait<\/option><option value=\"83\">Kyrgyzstan<\/option><option value=\"84\">Lao People's Democratic Republic<\/option><option value=\"85\">Latvia<\/option><option value=\"86\">Lebanon<\/option><option value=\"87\">Lesotho<\/option><option value=\"88\">Liberia<\/option><option value=\"281\">Libya<\/option><option value=\"90\">Liechtenstein<\/option><option value=\"91\">Lithuania<\/option><option value=\"92\">Luxembourg<\/option><option value=\"208\">Macau<\/option><option value=\"93\">Macedonia<\/option><option value=\"94\">Madagascar<\/option><option value=\"95\">Malawi<\/option><option value=\"96\">Malaysia<\/option><option value=\"97\">Maldives<\/option><option value=\"98\">Mali<\/option><option value=\"99\">Malta<\/option><option value=\"207\">Marshall Islands<\/option><option value=\"210\">Martinique<\/option><option value=\"100\">Mauritania<\/option><option value=\"212\">Mauritius<\/option><option value=\"241\">Mayotte<\/option><option value=\"101\">Mexico<\/option><option value=\"102\">Moldova, Republic of<\/option><option value=\"103\">Monaco<\/option><option value=\"104\">Mongolia<\/option><option value=\"290\">Montenegro<\/option><option value=\"294\">Montserrat<\/option><option value=\"105\">Morocco<\/option><option value=\"106\">Mozambique<\/option><option value=\"242\">Myanmar<\/option><option value=\"107\">Namibia<\/option><option value=\"108\">Nepal<\/option><option value=\"109\">Netherlands<\/option><option value=\"110\">Netherlands Antilles<\/option><option value=\"213\">New Caledonia<\/option><option value=\"111\">New Zealand<\/option><option value=\"112\">Nicaragua<\/option><option value=\"113\">Niger<\/option><option value=\"114\">Nigeria<\/option><option value=\"217\">Niue<\/option><option value=\"214\">Norfolk Island<\/option><option value=\"272\">North Korea<\/option><option value=\"116\">Norway<\/option><option value=\"117\">Oman<\/option><option value=\"118\">Pakistan<\/option><option value=\"222\">Palau<\/option><option value=\"282\">Palestine<\/option><option value=\"119\">Panama<\/option><option value=\"219\">Papua New Guinea<\/option><option value=\"120\">Paraguay<\/option><option value=\"121\">Peru<\/option><option value=\"122\">Philippines<\/option><option value=\"221\">Pitcairn<\/option><option value=\"123\">Poland<\/option><option value=\"124\">Portugal<\/option><option value=\"126\">Qatar<\/option><option value=\"315\">Republic of Kosovo<\/option><option value=\"127\">Reunion<\/option><option value=\"128\">Romania<\/option><option value=\"129\">Russia<\/option><option value=\"130\">Rwanda<\/option><option value=\"205\">Saint Kitts and Nevis<\/option><option value=\"206\">Saint Lucia<\/option><option value=\"324\">Saint Martin<\/option><option value=\"237\">Saint Vincent and the Grenadines<\/option><option value=\"132\">Samoa (Independent)<\/option><option value=\"227\">San Marino<\/option><option value=\"255\">Sao Tome and Principe<\/option><option value=\"133\">Saudi Arabia<\/option><option value=\"134\">Senegal<\/option><option value=\"326\">Serbia<\/option><option value=\"135\">Seychelles<\/option><option value=\"136\">Sierra Leone<\/option><option value=\"137\">Singapore<\/option><option value=\"302\">Sint Maarten<\/option><option value=\"138\">Slovakia<\/option><option value=\"139\">Slovenia<\/option><option value=\"223\">Solomon Islands<\/option><option value=\"140\">Somalia<\/option><option value=\"141\">South Africa<\/option><option value=\"257\">South Georgia and the South Sandwich Islands<\/option><option value=\"142\">South Korea<\/option><option value=\"311\">South Sudan<\/option><option value=\"143\">Spain<\/option><option value=\"144\">Sri Lanka<\/option><option value=\"293\">Sudan<\/option><option value=\"146\">Suriname<\/option><option value=\"225\">Svalbard and Jan Mayen Islands<\/option><option value=\"147\">Swaziland<\/option><option value=\"148\">Sweden<\/option><option value=\"149\">Switzerland<\/option><option value=\"285\">Syria<\/option><option value=\"152\">Taiwan<\/option><option value=\"260\">Tajikistan<\/option><option value=\"153\">Tanzania<\/option><option value=\"154\">Thailand<\/option><option value=\"233\">Timor-Leste<\/option><option value=\"155\">Togo<\/option><option value=\"232\">Tonga<\/option><option value=\"234\">Trinidad and Tobago<\/option><option value=\"156\">Tunisia<\/option><option value=\"157\">Turkey<\/option><option value=\"158\">Turkmenistan<\/option><option value=\"287\">Turks &amp; Caicos Islands<\/option><option value=\"159\">Uganda<\/option><option value=\"161\">Ukraine<\/option><option value=\"162\">United Arab Emirates<\/option><option value=\"262\">United Kingdom<\/option><option value=\"163\">Uruguay<\/option><option value=\"165\">Uzbekistan<\/option><option value=\"239\">Vanuatu<\/option><option value=\"166\">Vatican City State (Holy See)<\/option><option value=\"167\">Venezuela<\/option><option value=\"168\">Vietnam<\/option><option value=\"169\">Virgin Islands (British)<\/option><option value=\"238\">Virgin Islands (U.S.)<\/option><option value=\"188\">Western Sahara<\/option><option value=\"170\">Yemen<\/option><option value=\"173\">Zambia<\/option><option value=\"174\">Zimbabwe<\/option><\/select>\r\n\t<\/div>\r\n<\/div>\r\n<div class=\"mc-field-group size1of2\">\r\n\t<label for=\"mce-PHONE\">Num\u00e9ro de t\u00e9l\u00e9phone <\/label>\r\n\t<input type=\"text\" name=\"PHONE\" class=\"\" value=\"\" id=\"mce-PHONE\">\r\n<\/div>\r\n<div class=\"mc-field-group input-group\">\r\n    <strong>Int\u00e9r\u00eats <\/strong>\r\n    <ul><li><input type=\"checkbox\" value=\"1048576\" name=\"group[5517][1048576]\" id=\"mce-group[5517]-5517-0\"><label for=\"mce-group[5517]-5517-0\">Conf\u00e9rence<\/label><\/li>\r\n<li><input type=\"checkbox\" value=\"2097152\" name=\"group[5517][2097152]\" id=\"mce-group[5517]-5517-1\"><label for=\"mce-group[5517]-5517-1\">Ev\u00e8nements<\/label><\/li>\r\n<li><input type=\"checkbox\" value=\"4194304\" name=\"group[5517][4194304]\" id=\"mce-group[5517]-5517-2\"><label for=\"mce-group[5517]-5517-2\">Manifestation publique<\/label><\/li>\r\n<\/ul>\r\n<\/div>\r\n<div id=\"mergeRow-gdpr\" class=\"mergeRow gdpr-mergeRow content__gdprBlock mc-field-group\">\r\n    <div class=\"content__gdpr\">\r\n        <label>Autorisation<\/label>\r\n        <p>Veuillez s\u00e9lectionner le canal de r\u00e9ception de l'information fournie par le Fifty-One Club de Mons Levant:<\/p>\r\n        <fieldset class=\"mc_fieldset gdprRequired mc-field-group\" name=\"interestgroup_field\">\r\n\t\t<label class=\"checkbox subfield\" for=\"gdpr_14465\"><input type=\"checkbox\" id=\"gdpr_14465\" name=\"gdpr[14465]\" value=\"Y\" class=\"av-checkbox gdpr\"><span>E-mail<\/span> <\/label><label class=\"checkbox subfield\" for=\"gdpr_14469\"><input type=\"checkbox\" id=\"gdpr_14469\" name=\"gdpr[14469]\" value=\"Y\" class=\"av-checkbox gdpr\"><span>SMS<\/span> <\/label>\r\n        <\/fieldset>\r\n        <p>Vous pouvez vous d\u00e9sabonner \u00e0 tout moment en cliquant sur le lien dans le bas de page de nos e-mails. Pour obtenir plus d'informations sur nos pratiques de confidentialit\u00e9, rendez-vous sur notre site Web.<\/p>\r\n    <\/div>\r\n    <div class=\"content__gdprLegal\">\r\n        <p>We use Mailchimp as our marketing platform. By clicking below to subscribe, you acknowledge that your information will be transferred to Mailchimp for processing. Learn more about Mailchimp's privacy practices here.<\/p>\r\n    <\/div>\r\n<\/div>\r\n\t<div id=\"mce-responses\" class=\"clear\">\r\n\t\t<div class=\"response\" id=\"mce-error-response\" style=\"display:none\"><\/div>\r\n\t\t<div class=\"response\" id=\"mce-success-response\" style=\"display:none\"><\/div>\r\n\t<\/div>    <!-- real people should not fill this in and expect good things - do not remove this or risk form bot signups-->\r\n    <div style=\"position: absolute; left: -5000px;\" aria-hidden=\"true\"><input type=\"text\" name=\"b_bee624938d00927123d9ed5f6_dc550eb035\" tabindex=\"-1\" value=\"\"><\/div>\r\n    <div class=\"clear\"><input type=\"submit\" value=\"Subscribe\" name=\"subscribe\" id=\"mc-embedded-subscribe\" class=\"button\"><\/div>\r\n    <\/div>\r\n<\/form>\r\n<\/div>\r\n<script type='text\/javascript' src='\/\/s3.amazonaws.com\/downloads.mailchimp.com\/js\/mc-validate.js'><\/script><script type='text\/javascript'>(function($) {window.fnames = new Array(); window.ftypes = new Array();fnames[0]='EMAIL';ftypes[0]='email';fnames[1]='FNAME';ftypes[1]='text';fnames[2]='LNAME';ftypes[2]='text';fnames[3]='ADDRESS';ftypes[3]='address';fnames[4]='PHONE';ftypes[4]='phone'; \/*\r\n * Translated default messages for the $ validation plugin.\r\n * Locale: FR\r\n *\/\r\n$.extend($.validator.messages, {\r\n        required: \"Ce champ est requis.\",\r\n        remote: \"Veuillez remplir ce champ pour continuer.\",\r\n        email: \"Veuillez entrer une adresse email valide.\",\r\n        url: \"Veuillez entrer une URL valide.\",\r\n        date: \"Veuillez entrer une date valide.\",\r\n        dateISO: \"Veuillez entrer une date valide (ISO).\",\r\n        number: \"Veuillez entrer un nombre valide.\",\r\n        digits: \"Veuillez entrer (seulement) une valeur num\u00e9rique.\",\r\n        creditcard: \"Veuillez entrer un num\u00e9ro de carte de cr\u00e9dit valide.\",\r\n        equalTo: \"Veuillez entrer une nouvelle fois la m\u00eame valeur.\",\r\n        accept: \"Veuillez entrer une valeur avec une extension valide.\",\r\n        maxlength: $.validator.format(\"Veuillez ne pas entrer plus de {0} caract\u00e8res.\"),\r\n        minlength: $.validator.format(\"Veuillez entrer au moins {0} caract\u00e8res.\"),\r\n        rangelength: $.validator.format(\"Veuillez entrer entre {0} et {1} caract\u00e8res.\"),\r\n        range: $.validator.format(\"Veuillez entrer une valeur entre {0} et {1}.\"),\r\n        max: $.validator.format(\"Veuillez entrer une valeur inf\u00e9rieure ou \u00e9gale \u00e0 {0}.\"),\r\n        min: $.validator.format(\"Veuillez entrer une valeur sup\u00e9rieure ou \u00e9gale \u00e0 {0}.\")\r\n});}(jQuery));var $mcj = jQuery.noConflict(true);<\/script>\r\n<!--End mc_embed_signup--><\/p>\n","protected":false},"excerpt":{"rendered":"<p>Inscrivez-vous \u00e0 notre liste de diffusion * indicates required Email Address * Pr\u00e9nom * Nom * Adresse Address Line 2 City State\/Province\/Region Postal \/ Zip Code Country USAAaland IslandsAfghanistanAlbaniaAlgeriaAmerican SamoaAndorraAngolaAnguillaAntigua And BarbudaArgentinaArmeniaArubaAustraliaAustriaAzerbaijanBahamasBahrainBangladeshBarbadosBelarusBelgiumBelizeBeninBermudaBhutanBoliviaBonaire, Saint Eustatius and SabaBosnia and HerzegovinaBotswanaBouvet IslandBrazilBrunei DarussalamBulgariaBurkina FasoBurundiCambodiaCameroonCanadaCape VerdeCayman IslandsCentral African RepublicChadChileChinaChristmas IslandColombiaComorosCongoCook IslandsCosta RicaCote D&rsquo;IvoireCroatiaCubaCuracaoCyprusCzech RepublicDemocratic Republic of the CongoDenmarkDjiboutiDominicaDominican RepublicEcuadorEgyptEl &hellip; <\/p>\n<p class=\"link-more\"><a href=\"https:\/\/fifty-one-mons-levant.be\/?page_id=18\" class=\"more-link\">Continuer la lecture<span class=\"screen-reader-text\"> de &laquo;&nbsp;Liste de diffusion&nbsp;&raquo;<\/span><\/a><\/p>\n","protected":false},"author":1,"featured_media":140,"parent":0,"menu_order":0,"comment_status":"closed","ping_status":"closed","template":"","meta":{"_monsterinsights_skip_tracking":false,"_monsterinsights_sitenote_active":false,"_monsterinsights_sitenote_note":"","_monsterinsights_sitenote_category":0,"ngg_post_thumbnail":0,"footnotes":""},"class_list":["post-18","page","type-page","status-publish","has-post-thumbnail","hentry"],"_links":{"self":[{"href":"https:\/\/fifty-one-mons-levant.be\/index.php?rest_route=\/wp\/v2\/pages\/18","targetHints":{"allow":["GET"]}}],"collection":[{"href":"https:\/\/fifty-one-mons-levant.be\/index.php?rest_route=\/wp\/v2\/pages"}],"about":[{"href":"https:\/\/fifty-one-mons-levant.be\/index.php?rest_route=\/wp\/v2\/types\/page"}],"author":[{"embeddable":true,"href":"https:\/\/fifty-one-mons-levant.be\/index.php?rest_route=\/wp\/v2\/users\/1"}],"replies":[{"embeddable":true,"href":"https:\/\/fifty-one-mons-levant.be\/index.php?rest_route=%2Fwp%2Fv2%2Fcomments&post=18"}],"version-history":[{"count":5,"href":"https:\/\/fifty-one-mons-levant.be\/index.php?rest_route=\/wp\/v2\/pages\/18\/revisions"}],"predecessor-version":[{"id":3108,"href":"https:\/\/fifty-one-mons-levant.be\/index.php?rest_route=\/wp\/v2\/pages\/18\/revisions\/3108"}],"wp:featuredmedia":[{"embeddable":true,"href":"https:\/\/fifty-one-mons-levant.be\/index.php?rest_route=\/wp\/v2\/media\/140"}],"wp:attachment":[{"href":"https:\/\/fifty-one-mons-levant.be\/index.php?rest_route=%2Fwp%2Fv2%2Fmedia&parent=18"}],"curies":[{"name":"wp","href":"https:\/\/api.w.org\/{rel}","templated":true}]}}