{"id":208,"date":"2015-10-18T14:51:17","date_gmt":"2015-10-18T12:51:17","guid":{"rendered":"http:\/\/fifty-one-mons-levant.be\/?page_id=208"},"modified":"2018-11-03T10:52:36","modified_gmt":"2018-11-03T09:52:36","slug":"service-a-la-communaute","status":"publish","type":"page","link":"https:\/\/fifty-one-mons-levant.be\/?page_id=208","title":{"rendered":"Service \u00e0 la communaut\u00e9"},"content":{"rendered":"<p><strong>Le service \u00e0 la communaut\u00e9 est une finalit\u00e9 essentielle de notre association.<\/strong> Notre club organise diverses activit\u00e9s afin de r\u00e9unir des fonds pour fournir une aide financi\u00e8re \u00e0 diverses associations d&rsquo;aide \u00e0 l&rsquo;enfance, dans le domaine du handicap, de la pr\u00e9carit\u00e9, etc. Nos membres donnent \u00e9galement de leur temps pour assister certaines de ces associations lors d&rsquo;organisations ponctuelles.<\/p>\n<p>Voici un aper\u00e7u des associations que nous aidons:<!--more--><div class=\"display-posts-listing\"><div class=\"listing-item\"><a class=\"title\" href=\"https:\/\/fifty-one-mons-levant.be\/?p=3119\">Aide \u00e0 l&rsquo;ASBL Blanc Murmure \u00e0 Quaregnon<\/a> <span class=\"excerpt-dash\">-<\/span> <span class=\"excerpt\">Ce mercredi d\u00e9but d\u2019apr\u00e8s-midi, Marc et Jean-Paul ont rendez-vous \u00e0 l\u2019ASBL Blanc Murmure que notre club a d\u00e9cid\u00e9 de soutenir dans ses travaux de r\u00e9novation des infrastructures. Muriel la responsable principale d\u2019une \u00e9quipe de trois animateurs nous accueille dans son antre en travaux. Blanc Murmure se situe \u00e0 Quaregnon, et se veut un laboratoire d\u2019expression &hellip; <p class=\"link-more\"><a href=\"https:\/\/fifty-one-mons-levant.be\/?p=3119\" class=\"more-link\">Continuer la lecture<span class=\"screen-reader-text\"> de &laquo;&nbsp;Aide \u00e0 l&rsquo;ASBL Blanc Murmure \u00e0 Quaregnon&nbsp;&raquo;<\/span><\/a><\/p><\/span><\/div><div class=\"listing-item\"><a class=\"title\" href=\"https:\/\/fifty-one-mons-levant.be\/?p=3042\">Sponsoring de l&rsquo;association \u00ab\u00a0Au Four et au Moulin\u00a0\u00bb de Mons<\/a> <span class=\"excerpt-dash\">-<\/span> <span class=\"excerpt\">Le mardi 19 juin, Marc et Olivier se sont rendus \u00e0 l&rsquo;association \u00ab&nbsp;Au Four et Au Moulin&nbsp;\u00bb (AFAM) pour leur remettre officiellement le ch\u00e8que de 500\u20ac que nous leur avons allou\u00e9 dans le cadre de notre service \u00e0 la communaut\u00e9.<\/span><\/div><div class=\"listing-item\"><a class=\"title\" href=\"https:\/\/fifty-one-mons-levant.be\/?p=691\">Emballage du Chocolat au profit de l&rsquo;ASBL Jennifer<\/a> <span class=\"excerpt-dash\">-<\/span> <span class=\"excerpt\">Le samedi 20 janvier vers 9h30, nous nous r\u00e9unirons dans les locaux de l&rsquo;ASBL Au Four et au Moulin \u00e0 la route d&rsquo;Obourg pour ex\u00e9cuter notre emballage traditionnel de chocolat dans une bonne ambiance familiale. Les femmes et les enfants sont les bienvenus pour partager ce moment au b\u00e9n\u00e9fice de l&rsquo;ASBL Jennifer.<\/span><\/div><div class=\"listing-item\"><a class=\"image\" href=\"https:\/\/fifty-one-mons-levant.be\/?p=205\"><img loading=\"lazy\" decoding=\"async\" width=\"150\" height=\"150\" src=\"https:\/\/fifty-one-mons-levant.be\/wp-content\/uploads\/2017\/10\/mettre-des-couleurs-dans-la-vie-150x150.jpg\" class=\"attachment-thumbnail size-thumbnail wp-post-image\" alt=\"\" srcset=\"https:\/\/fifty-one-mons-levant.be\/wp-content\/uploads\/2017\/10\/mettre-des-couleurs-dans-la-vie-150x150.jpg 150w, https:\/\/fifty-one-mons-levant.be\/wp-content\/uploads\/2017\/10\/mettre-des-couleurs-dans-la-vie-100x100.jpg 100w\" sizes=\"auto, 100vw\" \/><\/a> <a class=\"title\" href=\"https:\/\/fifty-one-mons-levant.be\/?p=205\">Mettre des couleurs dans la vie<\/a> <span class=\"excerpt-dash\">-<\/span> <span class=\"excerpt\">\u00c0 l&rsquo;initiative de Marc, notre responsable des services \u00e0 la communaut\u00e9, et en association avec FEDASIL, nous r\u00e9coltons des bo\u00eetes m\u00e9talliques de caf\u00e9 que nous reconditionnons et remplissons de mat\u00e9riel de dessin pour enfants &#8211; crayons de couleurs, pastels, craies, gomme, taille-crayon&#8230; &#8211; pour les distribuer aux enfants de demandeurs d&rsquo;asile (via les centres FEDASIL).<\/span><\/div><div class=\"listing-item\"><a class=\"image\" href=\"https:\/\/fifty-one-mons-levant.be\/?p=192\"><img loading=\"lazy\" decoding=\"async\" width=\"150\" height=\"150\" src=\"https:\/\/fifty-one-mons-levant.be\/wp-content\/uploads\/2017\/10\/DSCF5789-150x150.jpg\" class=\"attachment-thumbnail size-thumbnail wp-post-image\" alt=\"\" srcset=\"https:\/\/fifty-one-mons-levant.be\/wp-content\/uploads\/2017\/10\/DSCF5789-150x150.jpg 150w, https:\/\/fifty-one-mons-levant.be\/wp-content\/uploads\/2017\/10\/DSCF5789-100x100.jpg 100w\" sizes=\"auto, 100vw\" \/><\/a> <a class=\"title\" href=\"https:\/\/fifty-one-mons-levant.be\/?p=192\">Association \u00ab\u00a0Niagara un c\u0153ur gros comme \u00e7a\u00a0\u00bb<\/a> <span class=\"excerpt-dash\">-<\/span> <span class=\"excerpt\">Tina Tonero a perdu sa fille en d\u00e9cembre 2007 suite \u00e0 un ost\u00e9osarcome, un cancer des os. Elle a d\u00e9cid\u00e9 de fonder l\u2019association de fait \u00ab&nbsp; Go Niagara&nbsp;\u00bb (renomm\u00e9e depuis peu \u00ab&nbsp;Niagara un c\u0153ur gros comme \u00e7a&nbsp;\u00bb) et consacre tout son temps libre \u00e0 r\u00e9colter de l\u2019argent pour venir en aide aux famille ayant un &hellip; <p class=\"link-more\"><a href=\"https:\/\/fifty-one-mons-levant.be\/?p=192\" class=\"more-link\">Continuer la lecture<span class=\"screen-reader-text\"> de &laquo;&nbsp;Association \u00ab\u00a0Niagara un c\u0153ur gros comme \u00e7a\u00a0\u00bb&nbsp;&raquo;<\/span><\/a><\/p><\/span><\/div><div class=\"listing-item\"><a class=\"title\" href=\"https:\/\/fifty-one-mons-levant.be\/?p=449\">Jennifer (ASBL) de Louvain-La-Neuve<\/a> <span class=\"excerpt-dash\">-<\/span> <span class=\"excerpt\">Jennifer est une association qui vient en aide aux enfants atteints de leuc\u00e9mie et qui soutient leurs familles. Notre action principale consiste, chaque ann\u00e9e, pendant une journ\u00e9e durant laquelle se retrouvent tous les membres et leur famille, dans l\u2019emballage de milliers de chocolats qui seront vendus au profit de cette ASBL. Nous les soutenons \u00e9galement &hellip; <p class=\"link-more\"><a href=\"https:\/\/fifty-one-mons-levant.be\/?p=449\" class=\"more-link\">Continuer la lecture<span class=\"screen-reader-text\"> de &laquo;&nbsp;Jennifer (ASBL) de Louvain-La-Neuve&nbsp;&raquo;<\/span><\/a><\/p><\/span><\/div><div class=\"listing-item\"><a class=\"title\" href=\"https:\/\/fifty-one-mons-levant.be\/?p=447\">Au Four et au Moulin (ASBL)<\/a> <span class=\"excerpt-dash\">-<\/span> <span class=\"excerpt\">Cette association a pour objet la formation en vue de l\u2019insertion de jeunes adultes peu qualifi\u00e9s pr\u00e9sentant de hauts risques de marginalisation. C\u2019est une formation par le travail qui s\u2019articule sur trois axes essentiels : la remise \u00e0 niveau, le suivi psychosocial et la formation professionnelle de base, g\u00e9n\u00e9ralement suivie d\u2019un stage pratique en entreprise. &hellip; <p class=\"link-more\"><a href=\"https:\/\/fifty-one-mons-levant.be\/?p=447\" class=\"more-link\">Continuer la lecture<span class=\"screen-reader-text\"> de &laquo;&nbsp;Au Four et au Moulin (ASBL)&nbsp;&raquo;<\/span><\/a><\/p><\/span><\/div><div class=\"listing-item\"><a class=\"title\" href=\"https:\/\/fifty-one-mons-levant.be\/?p=2900\">Le Bivouac<\/a> <span class=\"excerpt-dash\">-<\/span> <span class=\"excerpt\">Un service d&rsquo;Accueil et d&rsquo;Aide \u00e9ducative situ\u00e9 \u00e0 Tertre dans l&rsquo;arrondissement judiciaire de Mons. Le Bivouac accueille 15 jeunes \u00e2g\u00e9s de 3 \u00e0 18 ans. le service poss\u00e8de \u00e9galement une prise en charge en accueil d&rsquo;urgence de courte dur\u00e9e. Chaque ann\u00e9e \u00e0 l&rsquo;approche des f\u00eates de No\u00ebl, l&rsquo;association et ses nombreux b\u00e9n\u00e9voles parcourent les rues &hellip; <p class=\"link-more\"><a href=\"https:\/\/fifty-one-mons-levant.be\/?p=2900\" class=\"more-link\">Continuer la lecture<span class=\"screen-reader-text\"> de &laquo;&nbsp;Le Bivouac&nbsp;&raquo;<\/span><\/a><\/p><\/span><\/div><div class=\"listing-item\"><a class=\"title\" href=\"https:\/\/fifty-one-mons-levant.be\/?p=2875\">La Goutrielle<\/a> <span class=\"excerpt-dash\">-<\/span> <span class=\"excerpt\">La Goutrielle, Centre de Rencontres et d&rsquo;H\u00e9bergement de Montignies-Sur-Roc (Honnelles, Hainaut, Belgique). Individuellement, en famille ou en groupe, vous \u00eates les bienvenus. L&rsquo;ambiance d\u00e9contract\u00e9e permet \u00e0 chacun de se sentir rapidement \u00e0 son aise et de cr\u00e9er de nouvelles amiti\u00e9s. Notre infrastructure r\u00e9pond bien aux attentes des organisateurs de camps de vacances, mouvements de jeunes, &hellip; <p class=\"link-more\"><a href=\"https:\/\/fifty-one-mons-levant.be\/?p=2875\" class=\"more-link\">Continuer la lecture<span class=\"screen-reader-text\"> de &laquo;&nbsp;La Goutrielle&nbsp;&raquo;<\/span><\/a><\/p><\/span><\/div><div class=\"listing-item\"><a class=\"title\" href=\"https:\/\/fifty-one-mons-levant.be\/?p=2862\">Hit Music Center<\/a> <span class=\"excerpt-dash\">-<\/span> <span class=\"excerpt\">Le Hit Music Center et son directeur artistique Eddy Deschamps est une association qui a pour objectif de promouvoir les jeunes talents de notre r\u00e9gion en produisant des spectacles pour les mettre en valeur et en leur prodiguant une formation sp\u00e9cifique avec l\u2019aide d\u2019artistes professionnels. Rock-ci et l\u00e0 est le nom du spectacle donn\u00e9 chaque &hellip; <p class=\"link-more\"><a href=\"https:\/\/fifty-one-mons-levant.be\/?p=2862\" class=\"more-link\">Continuer la lecture<span class=\"screen-reader-text\"> de &laquo;&nbsp;Hit Music Center&nbsp;&raquo;<\/span><\/a><\/p><\/span><\/div><div class=\"listing-item\"><a class=\"title\" href=\"https:\/\/fifty-one-mons-levant.be\/?p=456\">Les Gentianes (ASBL) de Mons<\/a> <span class=\"excerpt-dash\">-<\/span> <span class=\"excerpt\">C&rsquo;est dans le d\u00e9licat secteur de l&rsquo;aide \u00e0 la jeunesse que les Gentianes (constitu\u00e9es en ASBL depuis 1973) exercent plusieurs missions d&rsquo;accueil et d&rsquo;aide, en vue de restituer ce qui a manqu\u00e9 \u00e0 des enfants et adolescents profond\u00e9ment meurtris. Ces missions sont remplies par quatre entit\u00e9s distinctes : Le Pastel : accueil sp\u00e9cialis\u00e9 pour 17 &hellip; <p class=\"link-more\"><a href=\"https:\/\/fifty-one-mons-levant.be\/?p=456\" class=\"more-link\">Continuer la lecture<span class=\"screen-reader-text\"> de &laquo;&nbsp;Les Gentianes (ASBL) de Mons&nbsp;&raquo;<\/span><\/a><\/p><\/span><\/div><div class=\"listing-item\"><a class=\"title\" href=\"https:\/\/fifty-one-mons-levant.be\/?p=454\">Solidarit\u00e9 aux victimes de la tornade \u00e0 Hautmont-Maubeuge en ao\u00fbt 2008<\/a> <span class=\"excerpt-dash\">-<\/span> <span class=\"excerpt\">Collecte de dons dans la r\u00e9gion de Mons, relai \u00e0 travers tout le District 101 de cet appel aux dons, acheminement sur place et distribution aux bons soins du Fify-One de Maubeuge. Initiative transfrontali\u00e8re de solidarit\u00e9 pour venir en aide imm\u00e9diate aux victimes de la tornade du 3 ao\u00fbt 2008. Vous avez particip\u00e9 \u00e0 notre &hellip; <p class=\"link-more\"><a href=\"https:\/\/fifty-one-mons-levant.be\/?p=454\" class=\"more-link\">Continuer la lecture<span class=\"screen-reader-text\"> de &laquo;&nbsp;Solidarit\u00e9 aux victimes de la tornade \u00e0 Hautmont-Maubeuge en ao\u00fbt 2008&nbsp;&raquo;<\/span><\/a><\/p><\/span><\/div><div class=\"listing-item\"><a class=\"title\" href=\"https:\/\/fifty-one-mons-levant.be\/?p=460\">L\u2019Ath\u00e9n\u00e9e Royal de Mons<\/a> <span class=\"excerpt-dash\">-<\/span> <span class=\"excerpt\">Soutien d\u2019un projet de collaboration entre l\u2019Ath\u00e9n\u00e9e Royal de Mons et le Lyc\u00e9e Yad\u00e9ga \u00e0 Ouahigouya au Burkina Faso par la fourniture de films, puis de PC et enfin l\u2019accueil et la formation \u00e0 l\u2019informatique de deux enseignants du Lyc\u00e9e Yad\u00e9ga durant un mois par deux de membres. http:\/\/www.armons.be\/ Et dans le domaine culturel, l\u2019organisation &hellip; <p class=\"link-more\"><a href=\"https:\/\/fifty-one-mons-levant.be\/?p=460\" class=\"more-link\">Continuer la lecture<span class=\"screen-reader-text\"> de &laquo;&nbsp;L\u2019Ath\u00e9n\u00e9e Royal de Mons&nbsp;&raquo;<\/span><\/a><\/p><\/span><\/div><div class=\"listing-item\"><a class=\"title\" href=\"https:\/\/fifty-one-mons-levant.be\/?p=458\">Jeunesse et Sant\u00e9 (ASBL)<\/a> <span class=\"excerpt-dash\">-<\/span> <span class=\"excerpt\">Depuis de nombreuses ann\u00e9es, cette association s\u2019attacha \u00e0 faire vivre ensemble enfants et jeunes en bonne sant\u00e9, et avec handicap mental, moteur ou trouble du comportement&#8230; Cette ann\u00e9e voit notre premi\u00e8re coop\u00e9ration par l\u2019interm\u00e9diaire d\u2019un soutien substantiel dans le cadre de vacances \u00e0 Pula en Croatie. Nous avons permis \u00e0 une cinquantaine de jeunes belges &hellip; <p class=\"link-more\"><a href=\"https:\/\/fifty-one-mons-levant.be\/?p=458\" class=\"more-link\">Continuer la lecture<span class=\"screen-reader-text\"> de &laquo;&nbsp;Jeunesse et Sant\u00e9 (ASBL)&nbsp;&raquo;<\/span><\/a><\/p><\/span><\/div><div class=\"listing-item\"><a class=\"title\" href=\"https:\/\/fifty-one-mons-levant.be\/?p=452\">Le CRES (Centre R\u00e9gional d\u2019Education et de Services) \u00e0 Mons<\/a> <span class=\"excerpt-dash\">-<\/span> <span class=\"excerpt\">Cette institution recueille des enfants principalement mais aussi des familles mono-parentales suite aux d\u00e9cisions des juges de la Jeunesse. Nous intervenons r\u00e9guli\u00e8rement dans le cadre des loisirs de ces \u00ab d\u00e9munis \u00bb en fournissant t\u00e9l\u00e9vision, v\u00e9los, \u2026ou en louant leurs inrastructures dans le cadre de certaines de nos manifestations. V\u00e9los pour le CRES Vol du &hellip; <p class=\"link-more\"><a href=\"https:\/\/fifty-one-mons-levant.be\/?p=452\" class=\"more-link\">Continuer la lecture<span class=\"screen-reader-text\"> de &laquo;&nbsp;Le CRES (Centre R\u00e9gional d\u2019Education et de Services) \u00e0 Mons&nbsp;&raquo;<\/span><\/a><\/p><\/span><\/div><\/div><\/p>\n<p>&nbsp;<\/p>\n","protected":false},"excerpt":{"rendered":"<p>Le service \u00e0 la communaut\u00e9 est une finalit\u00e9 essentielle de notre association. Notre club organise diverses activit\u00e9s afin de r\u00e9unir des fonds pour fournir une aide financi\u00e8re \u00e0 diverses associations d&rsquo;aide \u00e0 l&rsquo;enfance, dans le domaine du handicap, de la pr\u00e9carit\u00e9, etc. Nos membres donnent \u00e9galement de leur temps pour assister certaines de ces associations &hellip; <\/p>\n<p class=\"link-more\"><a href=\"https:\/\/fifty-one-mons-levant.be\/?p=452\" class=\"more-link\">Continuer la lecture<span class=\"screen-reader-text\"> de &laquo;&nbsp;Le CRES (Centre R\u00e9gional d\u2019Education et de Services) \u00e0 Mons&nbsp;&raquo;<\/span><\/a><\/p>\n","protected":false},"author":1,"featured_media":3116,"parent":0,"menu_order":0,"comment_status":"closed","ping_status":"closed","template":"","meta":{"_monsterinsights_skip_tracking":false,"_monsterinsights_sitenote_active":false,"_monsterinsights_sitenote_note":"","_monsterinsights_sitenote_category":0,"ngg_post_thumbnail":0,"footnotes":""},"class_list":["post-208","page","type-page","status-publish","has-post-thumbnail","hentry"],"_links":{"self":[{"href":"https:\/\/fifty-one-mons-levant.be\/index.php?rest_route=\/wp\/v2\/pages\/208","targetHints":{"allow":["GET"]}}],"collection":[{"href":"https:\/\/fifty-one-mons-levant.be\/index.php?rest_route=\/wp\/v2\/pages"}],"about":[{"href":"https:\/\/fifty-one-mons-levant.be\/index.php?rest_route=\/wp\/v2\/types\/page"}],"author":[{"embeddable":true,"href":"https:\/\/fifty-one-mons-levant.be\/index.php?rest_route=\/wp\/v2\/users\/1"}],"replies":[{"embeddable":true,"href":"https:\/\/fifty-one-mons-levant.be\/index.php?rest_route=%2Fwp%2Fv2%2Fcomments&post=208"}],"version-history":[{"count":7,"href":"https:\/\/fifty-one-mons-levant.be\/index.php?rest_route=\/wp\/v2\/pages\/208\/revisions"}],"predecessor-version":[{"id":2868,"href":"https:\/\/fifty-one-mons-levant.be\/index.php?rest_route=\/wp\/v2\/pages\/208\/revisions\/2868"}],"wp:featuredmedia":[{"embeddable":true,"href":"https:\/\/fifty-one-mons-levant.be\/index.php?rest_route=\/wp\/v2\/media\/3116"}],"wp:attachment":[{"href":"https:\/\/fifty-one-mons-levant.be\/index.php?rest_route=%2Fwp%2Fv2%2Fmedia&parent=208"}],"curies":[{"name":"wp","href":"https:\/\/api.w.org\/{rel}","templated":true}]}}