{"id":414,"date":"2017-12-15T15:29:21","date_gmt":"2017-12-15T14:29:21","guid":{"rendered":"http:\/\/fifty-one-mons-levant.be\/?page_id=414"},"modified":"2019-08-02T22:36:31","modified_gmt":"2019-08-02T20:36:31","slug":"membre-dhonneur","status":"publish","type":"page","link":"https:\/\/fifty-one-mons-levant.be\/?page_id=414","title":{"rendered":"Membre d&rsquo;Honneur"},"content":{"rendered":"<p>En cette ann\u00e9e 2009, le comit\u00e9 du Fifty-One Mons Levant a d\u00e9cid\u00e9 de nommer un Membre d\u2019Honneur. Cette r\u00e9compense est attribu\u00e9e \u00e0 un de nos membres qui par ses actes, des dires, ses pens\u00e9es et son comportement a particuli\u00e8rement favoris\u00e9 les r\u00e9alisations et la r\u00e9putation du club de Mons Levant et du mouvement Fifty-One dans son ensemble.<br \/>\nCette ann\u00e9e pour inaugurer ce titre, le pr\u00e9sident pr\u00e9sente \u00e0 l\u2019assembl\u00e9e notre ami : <a href=\"http:\/\/fifty-one-mons-levant.be\/?p=268\"><strong>Jacques Mertens.<\/strong><\/a><\/p>\n<p><a href=\"http:\/\/fifty-one-mons-levant.be\/wp-content\/uploads\/2017\/12\/DSC_0906.jpg\"><img loading=\"lazy\" decoding=\"async\" class=\"alignright wp-image-418 size-medium\" src=\"http:\/\/fifty-one-mons-levant.be\/wp-content\/uploads\/2017\/12\/DSC_0906-300x201.jpg\" alt=\"\" width=\"300\" height=\"201\" srcset=\"https:\/\/fifty-one-mons-levant.be\/wp-content\/uploads\/2017\/12\/DSC_0906-300x201.jpg 300w, https:\/\/fifty-one-mons-levant.be\/wp-content\/uploads\/2017\/12\/DSC_0906-768x514.jpg 768w, https:\/\/fifty-one-mons-levant.be\/wp-content\/uploads\/2017\/12\/DSC_0906-1024x685.jpg 1024w\" sizes=\"auto, (max-width: 300px) 100vw, 300px\" \/><\/a>N\u00e9 le 27\/01\/1944<br \/>\nMembre Fifty-One depuis le 01\/05\/1983<br \/>\nClub initial : Jemappes en Borinage dont il fut pr\u00e9sident en 1994\/1995<br \/>\nTransf\u00e9r\u00e9 au Fifty-One Club de Mons Levant \u00e0 la dissolution de Jemappes en Borinage en 2001\/2002<br \/>\nMembre du comit\u00e9 au Fifty-One Club Mons Levant de 2001 \u00e0 2009.<\/p>\n<p>Il a \u00e9t\u00e9 aussi membre actif du Fifty-One Friendship Worldwide \u2013 l\u2019op\u00e9ration des bons Delhaize\u2026<br \/>\n<a href=\"http:\/\/fifty-one-mons-levant.be\/wp-content\/uploads\/2017\/12\/DSC_0913.jpg\"><img loading=\"lazy\" decoding=\"async\" class=\"alignleft wp-image-420 size-medium\" src=\"http:\/\/fifty-one-mons-levant.be\/wp-content\/uploads\/2017\/12\/DSC_0913-300x201.jpg\" alt=\"\" width=\"300\" height=\"201\" srcset=\"https:\/\/fifty-one-mons-levant.be\/wp-content\/uploads\/2017\/12\/DSC_0913-300x201.jpg 300w, https:\/\/fifty-one-mons-levant.be\/wp-content\/uploads\/2017\/12\/DSC_0913-768x514.jpg 768w, https:\/\/fifty-one-mons-levant.be\/wp-content\/uploads\/2017\/12\/DSC_0913-1024x685.jpg 1024w\" sizes=\"auto, (max-width: 300px) 100vw, 300px\" \/><\/a>Il a \u00e9t\u00e9 l\u2019initiateur et le grand organisateur des soir\u00e9es de d\u00e9gustation Vins et Fromages en collaboration avec Delhaize.<br \/>\nIl est aussi le d\u00e9l\u00e9gu\u00e9 du Gouverneur pour le parrainage du Club Mixte de La Houssi\u00e8re.<br \/>\nEnfin sa derni\u00e8re cr\u00e9ation : Il a lanc\u00e9 l\u2019op\u00e9ration champagne.<\/p>\n","protected":false},"excerpt":{"rendered":"<p>En cette ann\u00e9e 2009, le comit\u00e9 du Fifty-One Mons Levant a d\u00e9cid\u00e9 de nommer un Membre d\u2019Honneur. Cette r\u00e9compense est attribu\u00e9e \u00e0 un de nos membres qui par ses actes, des dires, ses pens\u00e9es et son comportement a particuli\u00e8rement favoris\u00e9 les r\u00e9alisations et la r\u00e9putation du club de Mons Levant et du mouvement Fifty-One dans &hellip; <\/p>\n<p class=\"link-more\"><a href=\"https:\/\/fifty-one-mons-levant.be\/?page_id=414\" class=\"more-link\">Continuer la lecture<span class=\"screen-reader-text\"> de &laquo;&nbsp;Membre d&rsquo;Honneur&nbsp;&raquo;<\/span><\/a><\/p>\n","protected":false},"author":3,"featured_media":0,"parent":315,"menu_order":0,"comment_status":"closed","ping_status":"closed","template":"","meta":{"_monsterinsights_skip_tracking":false,"_monsterinsights_sitenote_active":false,"_monsterinsights_sitenote_note":"","_monsterinsights_sitenote_category":0,"ngg_post_thumbnail":0,"footnotes":""},"class_list":["post-414","page","type-page","status-publish","hentry"],"_links":{"self":[{"href":"https:\/\/fifty-one-mons-levant.be\/index.php?rest_route=\/wp\/v2\/pages\/414","targetHints":{"allow":["GET"]}}],"collection":[{"href":"https:\/\/fifty-one-mons-levant.be\/index.php?rest_route=\/wp\/v2\/pages"}],"about":[{"href":"https:\/\/fifty-one-mons-levant.be\/index.php?rest_route=\/wp\/v2\/types\/page"}],"author":[{"embeddable":true,"href":"https:\/\/fifty-one-mons-levant.be\/index.php?rest_route=\/wp\/v2\/users\/3"}],"replies":[{"embeddable":true,"href":"https:\/\/fifty-one-mons-levant.be\/index.php?rest_route=%2Fwp%2Fv2%2Fcomments&post=414"}],"version-history":[{"count":4,"href":"https:\/\/fifty-one-mons-levant.be\/index.php?rest_route=\/wp\/v2\/pages\/414\/revisions"}],"predecessor-version":[{"id":3780,"href":"https:\/\/fifty-one-mons-levant.be\/index.php?rest_route=\/wp\/v2\/pages\/414\/revisions\/3780"}],"up":[{"embeddable":true,"href":"https:\/\/fifty-one-mons-levant.be\/index.php?rest_route=\/wp\/v2\/pages\/315"}],"wp:attachment":[{"href":"https:\/\/fifty-one-mons-levant.be\/index.php?rest_route=%2Fwp%2Fv2%2Fmedia&parent=414"}],"curies":[{"name":"wp","href":"https:\/\/api.w.org\/{rel}","templated":true}]}}