{"id":462,"date":"2017-12-15T23:12:29","date_gmt":"2017-12-15T22:12:29","guid":{"rendered":"http:\/\/fifty-one-mons-levant.be\/?page_id=462"},"modified":"2017-12-15T23:12:29","modified_gmt":"2017-12-15T22:12:29","slug":"les-operations-du-club","status":"publish","type":"page","link":"https:\/\/fifty-one-mons-levant.be\/?page_id=462","title":{"rendered":"Les Op\u00e9rations du club"},"content":{"rendered":"<p>Vous trouvez ci-dessous un \u00e9chantillons des op\u00e9rations entreprises pour alimenter notre Service \u00e0 la Communaut\u00e9 au cours de ces derni\u00e8res ann\u00e9es<\/p>\n<p><!--more--><div class=\"display-posts-listing\"><div class=\"listing-item\"><a class=\"title\" href=\"https:\/\/fifty-one-mons-levant.be\/?p=6219\">Brocante de Saint Alfred, le 12 Septembre 2021<\/a> <span class=\"excerpt-dash\">-<\/span> <span class=\"excerpt\">Ce 12 septembre 2021, notre \u00e9quipe de choc a participer \u00e0 la brocante du Home St Alfred \u00e0 Casteau. Malgr\u00e9 le manque d&rsquo;effectif, nous avons r\u00e9ussi \u00e0 constituer un b\u00e9n\u00e9fice comparable aux ann\u00e9es pr\u00e9c\u00e9dentes.<\/span><\/div><div class=\"listing-item\"><a class=\"title\" href=\"https:\/\/fifty-one-mons-levant.be\/?p=6129\">Soutien au personnel soignant &#8211; ChocoClef 2020<\/a> <span class=\"excerpt-dash\">-<\/span> <span class=\"excerpt\">En ces temps de pand\u00e9mie, notre club a profit\u00e9 de l&rsquo;occasiont pour faire une op\u00e9ration combin\u00e9e. Nous avons soutenu l&rsquo;op\u00e9ration de la ligue de la scl\u00e9rose en plaque pour acheter des chocolats lors de son op\u00e9ration ChocoClef et nous avons d\u00e9cider d&rsquo;offrir ces chocolats au personnel soignant de l&rsquo;hopital Ambroise Par\u00e9 et de la maison &hellip; <p class=\"link-more\"><a href=\"https:\/\/fifty-one-mons-levant.be\/?p=6129\" class=\"more-link\">Continuer la lecture<span class=\"screen-reader-text\"> de &laquo;&nbsp;Soutien au personnel soignant &#8211; ChocoClef 2020&nbsp;&raquo;<\/span><\/a><\/p><\/span><\/div><div class=\"listing-item\"><a class=\"title\" href=\"https:\/\/fifty-one-mons-levant.be\/?p=3149\">Emballage du Chocolat au profit de l&rsquo;ASBL Jennifer (12\/01\/2019).<\/a> <span class=\"excerpt-dash\">-<\/span> <span class=\"excerpt\">Comme chaque ann\u00e9e, notre club aide l&rsquo;ASBL Jennifer dans la constitution de son budget annuel. Pour cela nous nous donnons rendez-vous un samedi matin dans les locaux d&rsquo;Au Four et au Moulin qui nous accueille merveilleusement, et nous proc\u00e9dons \u00e0 la confection des petits sachets de quatre barre de chocolat qui seront mis en vente &hellip; <p class=\"link-more\"><a href=\"https:\/\/fifty-one-mons-levant.be\/?p=3149\" class=\"more-link\">Continuer la lecture<span class=\"screen-reader-text\"> de &laquo;&nbsp;Emballage du Chocolat au profit de l&rsquo;ASBL Jennifer (12\/01\/2019).&nbsp;&raquo;<\/span><\/a><\/p><\/span><\/div><div class=\"listing-item\"><a class=\"title\" href=\"https:\/\/fifty-one-mons-levant.be\/?p=3056\">Grande vente de vins &#038; Champagnes de fin d&rsquo;ann\u00e9e 2018<\/a> <span class=\"excerpt-dash\">-<\/span> <span class=\"excerpt\">Le Fifty-One Club de Mons-Levant organise sa traditionnelle grande vente de vins et champagnes de fin d\u2019ann\u00e9e au profit de notre service \u00e0 la communaut\u00e9 (sponsoring des associations Niagara, AFAM, Blanc Murmure&#8230;) Nous vous accueillerons le 8 novembre \u00e0 partir de 19h40 \u00e0 l\u2019h\u00f4tel \u00ab&nbsp;Le Dream&nbsp;\u00bb, 17 rue de la Grande Triperie \u00e0 Mons pour &hellip; <p class=\"link-more\"><a href=\"https:\/\/fifty-one-mons-levant.be\/?p=3056\" class=\"more-link\">Continuer la lecture<span class=\"screen-reader-text\"> de &laquo;&nbsp;Grande vente de vins &#038; Champagnes de fin d&rsquo;ann\u00e9e 2018&nbsp;&raquo;<\/span><\/a><\/p><\/span><\/div><div class=\"listing-item\"><a class=\"title\" href=\"https:\/\/fifty-one-mons-levant.be\/?p=2953\">Brocante de Saint-Alfred<\/a> <span class=\"excerpt-dash\">-<\/span> <span class=\"excerpt\">34\u00e8me foire aux artisans et \u00e0 la brocante. Comme chaque ann\u00e9e, notre club y tiendra un stand pour vendre nos articles aux profits de nos projects d&rsquo;aide aux enfants sur la r\u00e9gion de Mons &nbsp; http:\/\/www.acis-group.org\/institutions\/379\/accueil.php<\/span><\/div><div class=\"listing-item\"><a class=\"title\" href=\"https:\/\/fifty-one-mons-levant.be\/?p=480\">Brocante de Saint-Symphorien 2009<\/a> <span class=\"excerpt-dash\">-<\/span> <span class=\"excerpt\">Par une charmante aube d&rsquo;\u00e9t\u00e9, les plus valeureux d&rsquo;entre nous se sont retrouv\u00e9s sur la merveilleuse place de Saint-Symphorien, sur le parvis de la demeure de notre pr\u00e9sident. Les caisses ont \u00e9t\u00e9 d\u00e9ball\u00e9es dans la fraicheur du petit matin, et mise \u00e0 l&rsquo;app\u00e9tit des passants. Toutes les pi\u00e8ces nous ont \u00e9t\u00e9 gracieusement donn\u00e9es pour que &hellip; <p class=\"link-more\"><a href=\"https:\/\/fifty-one-mons-levant.be\/?p=480\" class=\"more-link\">Continuer la lecture<span class=\"screen-reader-text\"> de &laquo;&nbsp;Brocante de Saint-Symphorien 2009&nbsp;&raquo;<\/span><\/a><\/p><\/span><\/div><div class=\"listing-item\"><a class=\"title\" href=\"https:\/\/fifty-one-mons-levant.be\/?p=478\">Op\u00e9ration chocolat Jennifer 2009<\/a> <span class=\"excerpt-dash\">-<\/span> <span class=\"excerpt\">Quelques jours plus tard, notre traditionnelle op\u00e9ration d\u2019emballage de chocolat au profit de l\u2019asbl Jennifer qui s\u2019occupe d\u2019enfants canc\u00e9reux. Premier sur place avec son \u00e9quipe de choc notre pr\u00e9sident a donn\u00e9 l\u2019exemple et a pay\u00e9 de sa personne. Malgr\u00e9 quelques d\u00e9faut de communication au sein de son team familial, le r\u00e9sultat a \u00e9t\u00e9 obtenu sans &hellip; <p class=\"link-more\"><a href=\"https:\/\/fifty-one-mons-levant.be\/?p=478\" class=\"more-link\">Continuer la lecture<span class=\"screen-reader-text\"> de &laquo;&nbsp;Op\u00e9ration chocolat Jennifer 2009&nbsp;&raquo;<\/span><\/a><\/p><\/span><\/div><div class=\"listing-item\"><a class=\"title\" href=\"https:\/\/fifty-one-mons-levant.be\/?p=454\">Solidarit\u00e9 aux victimes de la tornade \u00e0 Hautmont-Maubeuge en ao\u00fbt 2008<\/a> <span class=\"excerpt-dash\">-<\/span> <span class=\"excerpt\">Collecte de dons dans la r\u00e9gion de Mons, relai \u00e0 travers tout le District 101 de cet appel aux dons, acheminement sur place et distribution aux bons soins du Fify-One de Maubeuge. Initiative transfrontali\u00e8re de solidarit\u00e9 pour venir en aide imm\u00e9diate aux victimes de la tornade du 3 ao\u00fbt 2008. Vous avez particip\u00e9 \u00e0 notre &hellip; <p class=\"link-more\"><a href=\"https:\/\/fifty-one-mons-levant.be\/?p=454\" class=\"more-link\">Continuer la lecture<span class=\"screen-reader-text\"> de &laquo;&nbsp;Solidarit\u00e9 aux victimes de la tornade \u00e0 Hautmont-Maubeuge en ao\u00fbt 2008&nbsp;&raquo;<\/span><\/a><\/p><\/span><\/div><div class=\"listing-item\"><a class=\"title\" href=\"https:\/\/fifty-one-mons-levant.be\/?p=466\">Op\u00e9ration chocolat Jennifer 2008<\/a> <span class=\"excerpt-dash\">-<\/span> <span class=\"excerpt\">Et hop, 4 jours apr\u00e8s la RS623, le samedi 12 janvier 2008, nous nous sommes retrouv\u00e9s dans notre local habituel au Four et au Moulin pour notre non moins traditionnel emballage de chocolat au profit de l\u2019asbl Jennifer.Bruno avait \u00e9t\u00e9 prendre livraison des marchandises le vendredi soir, le samedi d\u00e8s 9heures notre fi\u00e8re \u00e9quipe \u00e9tait &hellip; <p class=\"link-more\"><a href=\"https:\/\/fifty-one-mons-levant.be\/?p=466\" class=\"more-link\">Continuer la lecture<span class=\"screen-reader-text\"> de &laquo;&nbsp;Op\u00e9ration chocolat Jennifer 2008&nbsp;&raquo;<\/span><\/a><\/p><\/span><\/div><div class=\"listing-item\"><a class=\"title\" href=\"https:\/\/fifty-one-mons-levant.be\/?p=476\">Op\u00e9ration chocolat Jennifer 2007<\/a> <span class=\"excerpt-dash\">-<\/span> <span class=\"excerpt\">Le samedi 13 janvier, nous passions en effet aux activit\u00e9s manuelles avec l\u2019emballage de 12000 chocolats au profit de l\u2019ASBL Jennifer. Rendez-vous \u00e9tait donn\u00e9 \u00e0 10H00 dans les locaux de l\u2019ASBL \u00ab\u00a0Au Four et au Moulin\u00a0\u00bb. Comme chaque ann\u00e9e, on emballa au \u00ab\u00a0finish\u00a0\u00bb, avec application et bonne humeur. Nous \u00e9tions 24 vaillants \u00abemballeurs\u00bb, battant ainsi &hellip; <p class=\"link-more\"><a href=\"https:\/\/fifty-one-mons-levant.be\/?p=476\" class=\"more-link\">Continuer la lecture<span class=\"screen-reader-text\"> de &laquo;&nbsp;Op\u00e9ration chocolat Jennifer 2007&nbsp;&raquo;<\/span><\/a><\/p><\/span><\/div><div class=\"listing-item\"><a class=\"title\" href=\"https:\/\/fifty-one-mons-levant.be\/?p=468\">Voyage \u00e0 Pula (Jeunesse et Sant\u00e9)<\/a> <span class=\"excerpt-dash\">-<\/span> <span class=\"excerpt\">Voyage d\u2019un groupe d\u2019enfants de \u00abJeunesse et Sant\u00e9\u00bb De: christine.foucart@mc.be [mailto: christine.foucart@mc.be]Envoy\u00e9: mardi 3 janvier 2006 9:18\u00c0: labiebruno@skynet.be&lt;Objet: RE : soutien pour le voyage \u00e0 Pula Merci pour ce mail rempli de bonnes nouvelles !900 \u20ac est vraiment un tr\u00e8s beau cadeau ! J&rsquo;esp\u00e8re qu&rsquo;avec des soutiens comme celui-ci nous arriverons \u00e0 d\u00e9passer le budget &hellip; <p class=\"link-more\"><a href=\"https:\/\/fifty-one-mons-levant.be\/?p=468\" class=\"more-link\">Continuer la lecture<span class=\"screen-reader-text\"> de &laquo;&nbsp;Voyage \u00e0 Pula (Jeunesse et Sant\u00e9)&nbsp;&raquo;<\/span><\/a><\/p><\/span><\/div><div class=\"listing-item\"><a class=\"title\" href=\"https:\/\/fifty-one-mons-levant.be\/?p=470\">V\u00e9los pour le CRES<\/a> <span class=\"excerpt-dash\">-<\/span> <span class=\"excerpt\">Achats de v\u00e9lo en collaboration avec Dany 2000 \u00e0 Saint-Symphorien Et les remerciements des enfants:<\/span><\/div><div class=\"listing-item\"><a class=\"title\" href=\"https:\/\/fifty-one-mons-levant.be\/?p=486\">Les Gentianes<\/a> <span class=\"excerpt-dash\">-<\/span> <span class=\"excerpt\">Location d&rsquo;un minibus pour l&rsquo;asbl \u00ab\u00a0Les Gentianes\u00a0\u00bb pour emmener leurs enfants en vacances. L&rsquo;asbl \u00ab\u00a0Les Gentianes\u00a0\u00bb a fait appel \u00e0 nous pour les aider ponctuellement. En effet un mois avant le mos de juillet, alors que le voyage des enfants \u00e9taient organis\u00e9s et que tous attendaient impatiement le d\u00e9part, le minibus de l&rsquo;association est tomb\u00e9 &hellip; <p class=\"link-more\"><a href=\"https:\/\/fifty-one-mons-levant.be\/?p=486\" class=\"more-link\">Continuer la lecture<span class=\"screen-reader-text\"> de &laquo;&nbsp;Les Gentianes&nbsp;&raquo;<\/span><\/a><\/p><\/span><\/div><div class=\"listing-item\"><a class=\"title\" href=\"https:\/\/fifty-one-mons-levant.be\/?p=595\">Op\u00e9ration chocolat Jennifer 2005<\/a> <span class=\"excerpt-dash\">-<\/span> <span class=\"excerpt\">&nbsp; \u2026 et les remerciements de la Pr\u00e9sidente Au nom de tous les membres de l\u2019asbl Jennifer, je tiens \u00e0 vous souhaiter un tr\u00e8s Joyeux No\u00ebl et tout ce qu\u2019il y a de meilleur pour l\u2019ann\u00e9e qui s\u2019annonce. J\u2019en profite pour vous remercier pour ce que vous nous avez \u00e0 nouveau apport\u00e9 en 2004. Que &hellip; <p class=\"link-more\"><a href=\"https:\/\/fifty-one-mons-levant.be\/?p=595\" class=\"more-link\">Continuer la lecture<span class=\"screen-reader-text\"> de &laquo;&nbsp;Op\u00e9ration chocolat Jennifer 2005&nbsp;&raquo;<\/span><\/a><\/p><\/span><\/div><div class=\"listing-item\"><a class=\"title\" href=\"https:\/\/fifty-one-mons-levant.be\/?p=482\">Vol du Ph\u00e9nix<\/a> <span class=\"excerpt-dash\">-<\/span> <span class=\"excerpt\">Robert Gramme pilote d&rsquo;avion et membre de notre club, a propos\u00e9 d&rsquo;offrir un bapt\u00e8me de l&rsquo;air aux enfants du CRES. Nous nous sommes d\u00e8s lors r\u00e9union le 26 juin 2004 \u00e0 l&rsquo;a\u00e9rodrome de Saint-Ghislain avec les enfants et le personnel du CRES. Le sourire et les regards des enfants ont \u00e9t\u00e9 notre r\u00e9compense. Merci Robert<\/span><\/div><div class=\"listing-item\"><a class=\"title\" href=\"https:\/\/fifty-one-mons-levant.be\/?p=484\">S\u00e9choir \u00ab\u00a0Au Four et au Moulin\u00a0\u00bb<\/a> <span class=\"excerpt-dash\">-<\/span> <span class=\"excerpt\">\u2026 Les remerciements de la Direction et des stagiaires<\/span><\/div><div class=\"listing-item\"><a class=\"title\" href=\"https:\/\/fifty-one-mons-levant.be\/?p=610\">CRES 2000<\/a> <span class=\"excerpt-dash\">-<\/span> <span class=\"excerpt\">Prendre un enfant par la main Pour l&#8217;emmener vers demain Pour lui donner la confiance en son pas Prendre un enfant pour un roi Yves Duteil &nbsp; Combien de fois n&rsquo;avez-vous pas entendu ce refrain? Ce refrain est toujours d&rsquo;actualit\u00e9, les m\u00e9dias nous le rappellent tous les jours par des images d&rsquo;enfants maltrait\u00e9s, d&rsquo;enfants abandonn\u00e9s, &hellip; <p class=\"link-more\"><a href=\"https:\/\/fifty-one-mons-levant.be\/?p=610\" class=\"more-link\">Continuer la lecture<span class=\"screen-reader-text\"> de &laquo;&nbsp;CRES 2000&nbsp;&raquo;<\/span><\/a><\/p><\/span><\/div><div class=\"listing-item\"><a class=\"title\" href=\"https:\/\/fifty-one-mons-levant.be\/?p=488\">Burkina &#8211; Informatique (3)<\/a> <span class=\"excerpt-dash\">-<\/span> <span class=\"excerpt\">Le projet d&rsquo;\u00e9quipement informatique du Lyc\u00e9e Yad\u00e9ga au Burkina Faso dans le cadre d&rsquo;une coop\u00e9ration avec l&rsquo;Ath\u00e9n\u00e9e Royal de Mons. (3\u00e8me partie) Nous nous retrouvons d\u00e9j\u00e0 car tout a \u00e9t\u00e9 tr\u00e8s vite depuis notre dernier bulletin d&rsquo;informations. En effet, alors qu&rsquo;un groupe d&rsquo;\u00e9l\u00e8ves et de professeurs de l&rsquo;Ath\u00e9n\u00e9e Royal de Mons se trouvait \u00e0 Ouahigouya, &hellip; <p class=\"link-more\"><a href=\"https:\/\/fifty-one-mons-levant.be\/?p=488\" class=\"more-link\">Continuer la lecture<span class=\"screen-reader-text\"> de &laquo;&nbsp;Burkina &#8211; Informatique (3)&nbsp;&raquo;<\/span><\/a><\/p><\/span><\/div><div class=\"listing-item\"><a class=\"title\" href=\"https:\/\/fifty-one-mons-levant.be\/?p=490\">Saint Nicolas 1999<\/a> <span class=\"excerpt-dash\">-<\/span> <span class=\"excerpt\">Saint-Nicolas des enfants \u00e0 Imagipark Mais&#8230;que se passe-t-il? Qu&rsquo;ont-ils donc vu? Le Grand Saint-Nicolas&#8230;en personne qui avait transform\u00e9 le P\u00e8re Fouettard en un&#8230;grand magicien. Apr\u00e8s le spectacle, pendant que les parents pensaient \u00e0 des plaisirs plus \u00ab\u00a0terre \u00e0 terre\u00a0\u00bb Les ch\u00e9rubins profit\u00e8rent d&rsquo;un espace de jeux grandiose!<\/span><\/div><div class=\"listing-item\"><a class=\"title\" href=\"https:\/\/fifty-one-mons-levant.be\/?p=492\">Burkina &#8211; Informatique (2)<\/a> <span class=\"excerpt-dash\">-<\/span> <span class=\"excerpt\">Le projet d&rsquo;\u00e9quipement informatique du Lyc\u00e9e Yad\u00e9ga au Burkina Faso dans le cadre d&rsquo;une coop\u00e9ration avec l&rsquo;Ath\u00e9n\u00e9e Royal de Mons. (2\u00e8me partie) Nous n&rsquo;avons pas attendu f\u00e9vrier 2000 pour recevoir les premi\u00e8res nouvelles de nos amis Burkinab\u00e8. Voici une lettre bien sympathique du Proviseur du Lyc\u00e9e dat\u00e9e du 26 octobre 1999. Quelques fax et Email &hellip; <p class=\"link-more\"><a href=\"https:\/\/fifty-one-mons-levant.be\/?p=492\" class=\"more-link\">Continuer la lecture<span class=\"screen-reader-text\"> de &laquo;&nbsp;Burkina &#8211; Informatique (2)&nbsp;&raquo;<\/span><\/a><\/p><\/span><\/div><div class=\"listing-item\"><a class=\"title\" href=\"https:\/\/fifty-one-mons-levant.be\/?p=494\">Burkina &#8211; Informatique (1)<\/a> <span class=\"excerpt-dash\">-<\/span> <span class=\"excerpt\">Le projet d&rsquo;\u00e9quipement informatique du Lyc\u00e9e Yad\u00e9ga au Burkina Faso dans le cadre d&rsquo;une coop\u00e9ration avec l&rsquo;Ath\u00e9n\u00e9e Royal de Mons. (1\u00e8re partie) Au d\u00e9but de l&rsquo;ann\u00e9e 1995, un groupe d&rsquo;\u00e9l\u00e8ves et de professeurs de l&rsquo;Ath\u00e9n\u00e9e Royal de Mons part au Burkina Faso \u00e0 Ouahigouya pour rencontrer au Lyc\u00e9e Yad\u00e9ga d&rsquo;autres \u00e9tudiants et enseignants. C&rsquo;est le &hellip; <p class=\"link-more\"><a href=\"https:\/\/fifty-one-mons-levant.be\/?p=494\" class=\"more-link\">Continuer la lecture<span class=\"screen-reader-text\"> de &laquo;&nbsp;Burkina &#8211; Informatique (1)&nbsp;&raquo;<\/span><\/a><\/p><\/span><\/div><\/div><\/p>\n","protected":false},"excerpt":{"rendered":"<p>Vous trouvez ci-dessous un \u00e9chantillons des op\u00e9rations entreprises pour alimenter notre Service \u00e0 la Communaut\u00e9 au cours de ces derni\u00e8res ann\u00e9es<\/p>\n","protected":false},"author":3,"featured_media":0,"parent":208,"menu_order":0,"comment_status":"closed","ping_status":"closed","template":"","meta":{"_monsterinsights_skip_tracking":false,"_monsterinsights_sitenote_active":false,"_monsterinsights_sitenote_note":"","_monsterinsights_sitenote_category":0,"ngg_post_thumbnail":0,"footnotes":""},"class_list":["post-462","page","type-page","status-publish","hentry"],"_links":{"self":[{"href":"https:\/\/fifty-one-mons-levant.be\/index.php?rest_route=\/wp\/v2\/pages\/462","targetHints":{"allow":["GET"]}}],"collection":[{"href":"https:\/\/fifty-one-mons-levant.be\/index.php?rest_route=\/wp\/v2\/pages"}],"about":[{"href":"https:\/\/fifty-one-mons-levant.be\/index.php?rest_route=\/wp\/v2\/types\/page"}],"author":[{"embeddable":true,"href":"https:\/\/fifty-one-mons-levant.be\/index.php?rest_route=\/wp\/v2\/users\/3"}],"replies":[{"embeddable":true,"href":"https:\/\/fifty-one-mons-levant.be\/index.php?rest_route=%2Fwp%2Fv2%2Fcomments&post=462"}],"version-history":[{"count":4,"href":"https:\/\/fifty-one-mons-levant.be\/index.php?rest_route=\/wp\/v2\/pages\/462\/revisions"}],"predecessor-version":[{"id":506,"href":"https:\/\/fifty-one-mons-levant.be\/index.php?rest_route=\/wp\/v2\/pages\/462\/revisions\/506"}],"up":[{"embeddable":true,"href":"https:\/\/fifty-one-mons-levant.be\/index.php?rest_route=\/wp\/v2\/pages\/208"}],"wp:attachment":[{"href":"https:\/\/fifty-one-mons-levant.be\/index.php?rest_route=%2Fwp%2Fv2%2Fmedia&parent=462"}],"curies":[{"name":"wp","href":"https:\/\/api.w.org\/{rel}","templated":true}]}}