{"id":499,"date":"2008-08-21T22:47:26","date_gmt":"2008-08-21T20:47:26","guid":{"rendered":"http:\/\/fifty-one-mons-levant.be\/?page_id=499"},"modified":"2017-12-15T22:59:09","modified_gmt":"2017-12-15T21:59:09","slug":"maubeuge-dons","status":"publish","type":"page","link":"https:\/\/fifty-one-mons-levant.be\/?page_id=499","title":{"rendered":"Maubeuge Dons"},"content":{"rendered":"<p>Ce que vous nous avez donn\u00e9 \u00e0 ce jour:<\/p>\n\n<table id=\"tablepress-16\" class=\"tablepress tablepress-id-16\">\n<thead>\n<tr class=\"row-1\">\n\t<th class=\"column-1\">Club ou \u2026<\/th><th class=\"column-2\">Quoi<\/th>\n<\/tr>\n<\/thead>\n<tbody class=\"row-striping row-hover\">\n<tr class=\"row-2\">\n\t<td class=\"column-1\">FOC St Ghislain<\/td><td class=\"column-2\">cuisini\u00e8re, table, vaisselle \u2026<br \/>\n2 cuisini\u00e8res, table, vaisselle, 2 chaises, 2 tabourets, 1 sommier, 1 divan-lit<br \/>\nv\u00eatements \u2026<\/td>\n<\/tr>\n<tr class=\"row-3\">\n\t<td class=\"column-1\">FOC Mons Levant<\/td><td class=\"column-2\">1 matelas + couvertures<br \/>\n1 garde-robe<br \/>\nAbat-jour(plafond), eclairage plafond basse tension, ampoules \u00e9lectriques, \u00e9clairage de secours+radio, tapis, four, antenne parabolique+m\u00e2t+d\u00e9cod, table de ping-pong<br \/>\n3 garde-robes, 2 armoires basses<br \/>\n1 table, 4 chaises, 1 tapis, ustensiles de m\u00e9nage, 2 appareils \u00e0 expresso<br \/>\n1 s\u00e8che-cheveux, 1 balance de cuisine<br \/>\nGrill, fauteuil pliant<\/td>\n<\/tr>\n<tr class=\"row-4\">\n\t<td class=\"column-1\">FOC Haute Senne<\/td><td class=\"column-2\">1 lit + sommier + vis<br \/>\nDraps, v\u00eatements, tentures, appareils m\u00e9nagers, couvertures.<br \/>\n1 table, 1 frigo, 1 percolateur, petits \u00e9lectrom\u00e9nagers<br \/>\n2 Fauteuils, 2 chaises, 1 petite table roulante, 1 planche \u00e0 repasser, une caisse de vaisselle + couverts, 1 \u00e9cran PC<\/td>\n<\/tr>\n<tr class=\"row-5\">\n\t<td class=\"column-1\">FOC Huy<\/td><td class=\"column-2\">Contenu d'une remorque, inclus les dons du D101<\/td>\n<\/tr>\n<tr class=\"row-6\">\n\t<td class=\"column-1\">ex FOC Mons-Levant<\/td><td class=\"column-2\">machine \u00e0 laver, v\u00eatements, draps, chaussures, oreillers, peluches pour enfants, couette, poussette pliable<\/td>\n<\/tr>\n<tr class=\"row-7\">\n\t<td class=\"column-1\">Ex FOC Jemappes<\/td><td class=\"column-2\">2 fauteuils en tissu<\/td>\n<\/tr>\n<tr class=\"row-8\">\n\t<td class=\"column-1\">D101<\/td><td class=\"column-2\">70 Polos + 62 sweatshirts + 40 parapluies<\/td>\n<\/tr>\n<tr class=\"row-9\">\n\t<td class=\"column-1\">D101 Ladies<\/td><td class=\"column-2\">couvertures, v\u00eatements, chaussures, vaisselle, divers pour enfants, plateaux, petit \u00e9lectro..<\/td>\n<\/tr>\n<tr class=\"row-10\">\n\t<td class=\"column-1\">Richelieu<\/td><td class=\"column-2\">Lit sans sommier, cuisini\u00e8re, Machine \u00e0 laver<br \/>\n1 divan, 2 fauteuils et 1 table basse en ch\u00eane<br \/>\nun cong\u00e9lateur, un lave-vaisselle<br \/>\nsalon de coin 8 places<\/td>\n<\/tr>\n<tr class=\"row-11\">\n\t<td class=\"column-1\">Voisin JM<\/td><td class=\"column-2\">Vaisselle + alimentation<\/td>\n<\/tr>\n<tr class=\"row-12\">\n\t<td class=\"column-1\">Voisin JM<\/td><td class=\"column-2\">V\u00eatements<\/td>\n<\/tr>\n<tr class=\"row-13\">\n\t<td class=\"column-1\">Voisin JM<\/td><td class=\"column-2\">V\u00eatements, draps, chaussures<\/td>\n<\/tr>\n<tr class=\"row-14\">\n\t<td class=\"column-1\">Voisin JM<\/td><td class=\"column-2\">V\u00eatements, verres<\/td>\n<\/tr>\n<tr class=\"row-15\">\n\t<td class=\"column-1\">Voisin JM<\/td><td class=\"column-2\">v\u00eatements<\/td>\n<\/tr>\n<tr class=\"row-16\">\n\t<td class=\"column-1\">Voisin JM<\/td><td class=\"column-2\">v\u00eatements, draps, radio<\/td>\n<\/tr>\n<tr class=\"row-17\">\n\t<td class=\"column-1\">Voisin JM<\/td><td class=\"column-2\">Table basse, v\u00eatements, couvertures, vaisselle, tentures, lapadaire halog\u00e8ne.<\/td>\n<\/tr>\n<tr class=\"row-18\">\n\t<td class=\"column-1\">Voisin JM<\/td><td class=\"column-2\">Four micro-ondes, s\u00e8che-linge<\/td>\n<\/tr>\n<tr class=\"row-19\">\n\t<td class=\"column-1\">Voisin JM<\/td><td class=\"column-2\">colis nourriture<\/td>\n<\/tr>\n<tr class=\"row-20\">\n\t<td class=\"column-1\">Voisin JM<\/td><td class=\"column-2\">2 lits + sommiers<\/td>\n<\/tr>\n<tr class=\"row-21\">\n\t<td class=\"column-1\">Voisin JM<\/td><td class=\"column-2\">2 sacs de v\u00eatem., 1 po\u00eble, 1 casserole \u00e0 pression<\/td>\n<\/tr>\n<tr class=\"row-22\">\n\t<td class=\"column-1\">Voisin JM<\/td><td class=\"column-2\">sommier<\/td>\n<\/tr>\n<tr class=\"row-23\">\n\t<td class=\"column-1\">Voisin JM<\/td><td class=\"column-2\">contenu d'une maison (suite d\u00e9c\u00e8s) \u00e0 Casteau: 1 cuisini\u00e8re au gaz, 1 armoire 50x50x200, grande armoire vitr\u00e9e (275cm, en 2 parties), 1salon, 1 petit meuble \u00e0 tiroirs, 1 micro-ondes.<\/td>\n<\/tr>\n<tr class=\"row-24\">\n\t<td class=\"column-1\">Voisin JM<\/td><td class=\"column-2\">2 colis + percolateur<\/td>\n<\/tr>\n<tr class=\"row-25\">\n\t<td class=\"column-1\">Voisin JM<\/td><td class=\"column-2\">2 colis cassettes vid\u00e9o, v\u00eatements b\u00e9b\u00e9 + drap, peluches, percolateur, console Sega+2 jeux, rasoir \u00e9lectr, tournevis \u00e9lectr, Livres enfants, jeux de soci\u00e9t\u00e9, vaisselle (assiettes), lampe (fibres optiques)<\/td>\n<\/tr>\n<tr class=\"row-26\">\n\t<td class=\"column-1\">Voisin JM<\/td><td class=\"column-2\">Machine \u00e0 expresso, assiettes, verres, seau \u00e0 glace, tasses, soucoupes, 2 bout. Thermos<\/td>\n<\/tr>\n<tr class=\"row-27\">\n\t<td class=\"column-1\">Voisin JM<\/td><td class=\"column-2\">Essoreuse \u00e0 salade, baskets, draps, lampadaire, gobelets 'canard enfants'<\/td>\n<\/tr>\n<tr class=\"row-28\">\n\t<td class=\"column-1\">Voisin JM<\/td><td class=\"column-2\">Vaisselle<\/td>\n<\/tr>\n<tr class=\"row-29\">\n\t<td class=\"column-1\">Famille JM<\/td><td class=\"column-2\">Divan Lit pliant, fer \u00e0 repasser<br \/>\n2 sommiers,verres, bols, tasses, table, bouilloire \u00e9lectrique, ustensiles de cuisine, balance de cuisine, chaises pliantes.<\/td>\n<\/tr>\n<tr class=\"row-30\">\n\t<td class=\"column-1\">via la DH du 23\/08<\/td><td class=\"column-2\">3 sacs de v\u00eatements<br \/>\n1 salon tissu, 1 lit \"click-clack\"<br \/>\n1 meuble de cuisine, 1 cuisini\u00e8re au gaz de ville.<br \/>\n1 armoire (4 portes -1tiroir) H:1,40  ; l: 1,50 ; P: 1,55, vaisselle (un service complet, des verres, plats... 1table de salon en parfait \u00e9tat 2 ou 3 v\u00eatements pour l'hiver<br \/>\n1 salle \u00e0 manger ancienne en ch\u00eane massif<br \/>\n2 grands paniers \u00e0 linge de vaisselle de resto, 1 cafeti\u00e8re, 6 verres \u00e0 St Feuillen<br \/>\n1 fauteuil cuir 2 places<br \/>\n1 lit \"click-clack\" + verres<\/td>\n<\/tr>\n<tr class=\"row-31\">\n\t<td class=\"column-1\">via affichage Casteau<\/td><td class=\"column-2\">2 grands sacs d'essuies et peignoirs de bain<\/td>\n<\/tr>\n<\/tbody>\n<\/table>\n<!-- #tablepress-16 from cache -->\n","protected":false},"excerpt":{"rendered":"<p>Ce que vous nous avez donn\u00e9 \u00e0 ce jour:<\/p>\n","protected":false},"author":3,"featured_media":0,"parent":208,"menu_order":0,"comment_status":"closed","ping_status":"closed","template":"","meta":{"_monsterinsights_skip_tracking":false,"_monsterinsights_sitenote_active":false,"_monsterinsights_sitenote_note":"","_monsterinsights_sitenote_category":0,"ngg_post_thumbnail":0,"footnotes":""},"class_list":["post-499","page","type-page","status-publish","hentry"],"_links":{"self":[{"href":"https:\/\/fifty-one-mons-levant.be\/index.php?rest_route=\/wp\/v2\/pages\/499","targetHints":{"allow":["GET"]}}],"collection":[{"href":"https:\/\/fifty-one-mons-levant.be\/index.php?rest_route=\/wp\/v2\/pages"}],"about":[{"href":"https:\/\/fifty-one-mons-levant.be\/index.php?rest_route=\/wp\/v2\/types\/page"}],"author":[{"embeddable":true,"href":"https:\/\/fifty-one-mons-levant.be\/index.php?rest_route=\/wp\/v2\/users\/3"}],"replies":[{"embeddable":true,"href":"https:\/\/fifty-one-mons-levant.be\/index.php?rest_route=%2Fwp%2Fv2%2Fcomments&post=499"}],"version-history":[{"count":1,"href":"https:\/\/fifty-one-mons-levant.be\/index.php?rest_route=\/wp\/v2\/pages\/499\/revisions"}],"predecessor-version":[{"id":500,"href":"https:\/\/fifty-one-mons-levant.be\/index.php?rest_route=\/wp\/v2\/pages\/499\/revisions\/500"}],"up":[{"embeddable":true,"href":"https:\/\/fifty-one-mons-levant.be\/index.php?rest_route=\/wp\/v2\/pages\/208"}],"wp:attachment":[{"href":"https:\/\/fifty-one-mons-levant.be\/index.php?rest_route=%2Fwp%2Fv2%2Fmedia&parent=499"}],"curies":[{"name":"wp","href":"https:\/\/api.w.org\/{rel}","templated":true}]}}