{"id":507,"date":"2008-08-23T23:16:59","date_gmt":"2008-08-23T21:16:59","guid":{"rendered":"http:\/\/fifty-one-mons-levant.be\/?page_id=507"},"modified":"2017-12-15T23:26:40","modified_gmt":"2017-12-15T22:26:40","slug":"photos-du-samedi-23-aout-2008","status":"publish","type":"page","link":"https:\/\/fifty-one-mons-levant.be\/?page_id=507","title":{"rendered":"Photos du Samedi 23 Ao\u00fbt 2008"},"content":{"rendered":"<p>Le garage de Jacques apr\u00e8s deux semaines de collecte<\/p>\n<p><a href=\"http:\/\/fifty-one-mons-levant.be\/wp-content\/uploads\/2017\/12\/100_4111.jpg\"><img loading=\"lazy\" decoding=\"async\" class=\"aligncenter size-full wp-image-510\" src=\"http:\/\/fifty-one-mons-levant.be\/wp-content\/uploads\/2017\/12\/100_4111.jpg\" alt=\"\" width=\"800\" height=\"600\" srcset=\"https:\/\/fifty-one-mons-levant.be\/wp-content\/uploads\/2017\/12\/100_4111.jpg 800w, https:\/\/fifty-one-mons-levant.be\/wp-content\/uploads\/2017\/12\/100_4111-300x225.jpg 300w, https:\/\/fifty-one-mons-levant.be\/wp-content\/uploads\/2017\/12\/100_4111-768x576.jpg 768w\" sizes=\"auto, (max-width: 706px) 89vw, (max-width: 767px) 82vw, 740px\" \/><\/a><a href=\"http:\/\/fifty-one-mons-levant.be\/wp-content\/uploads\/2017\/12\/100_4112.jpg\"><img loading=\"lazy\" decoding=\"async\" class=\"aligncenter size-full wp-image-511\" src=\"http:\/\/fifty-one-mons-levant.be\/wp-content\/uploads\/2017\/12\/100_4112.jpg\" alt=\"\" width=\"800\" height=\"600\" srcset=\"https:\/\/fifty-one-mons-levant.be\/wp-content\/uploads\/2017\/12\/100_4112.jpg 800w, https:\/\/fifty-one-mons-levant.be\/wp-content\/uploads\/2017\/12\/100_4112-300x225.jpg 300w, https:\/\/fifty-one-mons-levant.be\/wp-content\/uploads\/2017\/12\/100_4112-768x576.jpg 768w\" sizes=\"auto, (max-width: 706px) 89vw, (max-width: 767px) 82vw, 740px\" \/><\/a><a href=\"http:\/\/fifty-one-mons-levant.be\/wp-content\/uploads\/2017\/12\/100_4110.jpg\"><img loading=\"lazy\" decoding=\"async\" class=\"aligncenter size-full wp-image-509\" src=\"http:\/\/fifty-one-mons-levant.be\/wp-content\/uploads\/2017\/12\/100_4110.jpg\" alt=\"\" width=\"800\" height=\"600\" srcset=\"https:\/\/fifty-one-mons-levant.be\/wp-content\/uploads\/2017\/12\/100_4110.jpg 800w, https:\/\/fifty-one-mons-levant.be\/wp-content\/uploads\/2017\/12\/100_4110-300x225.jpg 300w, https:\/\/fifty-one-mons-levant.be\/wp-content\/uploads\/2017\/12\/100_4110-768x576.jpg 768w\" sizes=\"auto, (max-width: 706px) 89vw, (max-width: 767px) 82vw, 740px\" \/><\/a><a href=\"http:\/\/fifty-one-mons-levant.be\/wp-content\/uploads\/2017\/12\/100_4113.jpg\"><img loading=\"lazy\" decoding=\"async\" class=\"aligncenter size-full wp-image-512\" src=\"http:\/\/fifty-one-mons-levant.be\/wp-content\/uploads\/2017\/12\/100_4113.jpg\" alt=\"\" width=\"800\" height=\"600\" srcset=\"https:\/\/fifty-one-mons-levant.be\/wp-content\/uploads\/2017\/12\/100_4113.jpg 800w, https:\/\/fifty-one-mons-levant.be\/wp-content\/uploads\/2017\/12\/100_4113-300x225.jpg 300w, https:\/\/fifty-one-mons-levant.be\/wp-content\/uploads\/2017\/12\/100_4113-768x576.jpg 768w\" sizes=\"auto, (max-width: 706px) 89vw, (max-width: 767px) 82vw, 740px\" \/><\/a><\/p>\n<p>D\u00e9chargement \u00e0 Maubeuge<\/p>\n<p><a href=\"http:\/\/fifty-one-mons-levant.be\/wp-content\/uploads\/2017\/12\/100_4115.jpg\"><img loading=\"lazy\" decoding=\"async\" class=\"aligncenter size-full wp-image-514\" src=\"http:\/\/fifty-one-mons-levant.be\/wp-content\/uploads\/2017\/12\/100_4115.jpg\" alt=\"\" width=\"640\" height=\"480\" srcset=\"https:\/\/fifty-one-mons-levant.be\/wp-content\/uploads\/2017\/12\/100_4115.jpg 640w, https:\/\/fifty-one-mons-levant.be\/wp-content\/uploads\/2017\/12\/100_4115-300x225.jpg 300w\" sizes=\"auto, (max-width: 640px) 100vw, 640px\" \/><\/a><a href=\"http:\/\/fifty-one-mons-levant.be\/wp-content\/uploads\/2017\/12\/100_4117.jpg\"><img loading=\"lazy\" decoding=\"async\" class=\"aligncenter size-full wp-image-516\" src=\"http:\/\/fifty-one-mons-levant.be\/wp-content\/uploads\/2017\/12\/100_4117.jpg\" alt=\"\" width=\"640\" height=\"480\" srcset=\"https:\/\/fifty-one-mons-levant.be\/wp-content\/uploads\/2017\/12\/100_4117.jpg 640w, https:\/\/fifty-one-mons-levant.be\/wp-content\/uploads\/2017\/12\/100_4117-300x225.jpg 300w\" sizes=\"auto, (max-width: 640px) 100vw, 640px\" \/><\/a> <a href=\"http:\/\/fifty-one-mons-levant.be\/wp-content\/uploads\/2017\/12\/100_4116.jpg\"><img loading=\"lazy\" decoding=\"async\" class=\"aligncenter size-full wp-image-515\" src=\"http:\/\/fifty-one-mons-levant.be\/wp-content\/uploads\/2017\/12\/100_4116.jpg\" alt=\"\" width=\"640\" height=\"480\" srcset=\"https:\/\/fifty-one-mons-levant.be\/wp-content\/uploads\/2017\/12\/100_4116.jpg 640w, https:\/\/fifty-one-mons-levant.be\/wp-content\/uploads\/2017\/12\/100_4116-300x225.jpg 300w\" sizes=\"auto, (max-width: 640px) 100vw, 640px\" \/><\/a><a href=\"http:\/\/fifty-one-mons-levant.be\/wp-content\/uploads\/2017\/12\/100_4114.jpg\"><img loading=\"lazy\" decoding=\"async\" class=\"aligncenter size-full wp-image-513\" src=\"http:\/\/fifty-one-mons-levant.be\/wp-content\/uploads\/2017\/12\/100_4114.jpg\" alt=\"\" width=\"640\" height=\"480\" srcset=\"https:\/\/fifty-one-mons-levant.be\/wp-content\/uploads\/2017\/12\/100_4114.jpg 640w, https:\/\/fifty-one-mons-levant.be\/wp-content\/uploads\/2017\/12\/100_4114-300x225.jpg 300w\" sizes=\"auto, (max-width: 640px) 100vw, 640px\" \/><\/a><\/p>\n<p>Merci \u00e0 la premi\u00e8re \u00e9quipe de d\u00e9m\u00e9nageur Fifty-One<\/p>\n<p><a href=\"http:\/\/fifty-one-mons-levant.be\/wp-content\/uploads\/2017\/12\/Alain_Bouilliez_accueille_MOns-Levant.jpg\"><img loading=\"lazy\" decoding=\"async\" class=\"aligncenter size-full wp-image-517\" src=\"http:\/\/fifty-one-mons-levant.be\/wp-content\/uploads\/2017\/12\/Alain_Bouilliez_accueille_MOns-Levant.jpg\" alt=\"\" width=\"640\" height=\"480\" srcset=\"https:\/\/fifty-one-mons-levant.be\/wp-content\/uploads\/2017\/12\/Alain_Bouilliez_accueille_MOns-Levant.jpg 640w, https:\/\/fifty-one-mons-levant.be\/wp-content\/uploads\/2017\/12\/Alain_Bouilliez_accueille_MOns-Levant-300x225.jpg 300w\" sizes=\"auto, (max-width: 640px) 100vw, 640px\" \/><\/a><\/p>\n<p>Fin de journ\u00e9e difficile<\/p>\n<p><a href=\"http:\/\/fifty-one-mons-levant.be\/wp-content\/uploads\/2017\/12\/On_pousse_avec_le_sourire.jpg\"><img loading=\"lazy\" decoding=\"async\" class=\"aligncenter size-full wp-image-519\" src=\"http:\/\/fifty-one-mons-levant.be\/wp-content\/uploads\/2017\/12\/On_pousse_avec_le_sourire.jpg\" alt=\"\" width=\"640\" height=\"480\" srcset=\"https:\/\/fifty-one-mons-levant.be\/wp-content\/uploads\/2017\/12\/On_pousse_avec_le_sourire.jpg 640w, https:\/\/fifty-one-mons-levant.be\/wp-content\/uploads\/2017\/12\/On_pousse_avec_le_sourire-300x225.jpg 300w\" sizes=\"auto, (max-width: 640px) 100vw, 640px\" \/><\/a> <a href=\"http:\/\/fifty-one-mons-levant.be\/wp-content\/uploads\/2017\/12\/LUnion_fait_la_force.jpg\"><img loading=\"lazy\" decoding=\"async\" class=\"aligncenter size-full wp-image-518\" src=\"http:\/\/fifty-one-mons-levant.be\/wp-content\/uploads\/2017\/12\/LUnion_fait_la_force.jpg\" alt=\"\" width=\"640\" height=\"480\" srcset=\"https:\/\/fifty-one-mons-levant.be\/wp-content\/uploads\/2017\/12\/LUnion_fait_la_force.jpg 640w, https:\/\/fifty-one-mons-levant.be\/wp-content\/uploads\/2017\/12\/LUnion_fait_la_force-300x225.jpg 300w\" sizes=\"auto, (max-width: 640px) 100vw, 640px\" \/><\/a><\/p>\n","protected":false},"excerpt":{"rendered":"<p>Le garage de Jacques apr\u00e8s deux semaines de collecte D\u00e9chargement \u00e0 Maubeuge Merci \u00e0 la premi\u00e8re \u00e9quipe de d\u00e9m\u00e9nageur Fifty-One Fin de journ\u00e9e difficile<\/p>\n","protected":false},"author":3,"featured_media":0,"parent":499,"menu_order":0,"comment_status":"closed","ping_status":"closed","template":"","meta":{"_monsterinsights_skip_tracking":false,"_monsterinsights_sitenote_active":false,"_monsterinsights_sitenote_note":"","_monsterinsights_sitenote_category":0,"ngg_post_thumbnail":0,"footnotes":""},"class_list":["post-507","page","type-page","status-publish","hentry"],"_links":{"self":[{"href":"https:\/\/fifty-one-mons-levant.be\/index.php?rest_route=\/wp\/v2\/pages\/507","targetHints":{"allow":["GET"]}}],"collection":[{"href":"https:\/\/fifty-one-mons-levant.be\/index.php?rest_route=\/wp\/v2\/pages"}],"about":[{"href":"https:\/\/fifty-one-mons-levant.be\/index.php?rest_route=\/wp\/v2\/types\/page"}],"author":[{"embeddable":true,"href":"https:\/\/fifty-one-mons-levant.be\/index.php?rest_route=\/wp\/v2\/users\/3"}],"replies":[{"embeddable":true,"href":"https:\/\/fifty-one-mons-levant.be\/index.php?rest_route=%2Fwp%2Fv2%2Fcomments&post=507"}],"version-history":[{"count":7,"href":"https:\/\/fifty-one-mons-levant.be\/index.php?rest_route=\/wp\/v2\/pages\/507\/revisions"}],"predecessor-version":[{"id":526,"href":"https:\/\/fifty-one-mons-levant.be\/index.php?rest_route=\/wp\/v2\/pages\/507\/revisions\/526"}],"up":[{"embeddable":true,"href":"https:\/\/fifty-one-mons-levant.be\/index.php?rest_route=\/wp\/v2\/pages\/499"}],"wp:attachment":[{"href":"https:\/\/fifty-one-mons-levant.be\/index.php?rest_route=%2Fwp%2Fv2%2Fmedia&parent=507"}],"curies":[{"name":"wp","href":"https:\/\/api.w.org\/{rel}","templated":true}]}}