{"id":527,"date":"2008-08-30T23:26:47","date_gmt":"2008-08-30T21:26:47","guid":{"rendered":"http:\/\/fifty-one-mons-levant.be\/?page_id=527"},"modified":"2018-01-07T13:58:40","modified_gmt":"2018-01-07T12:58:40","slug":"photos-du-samedi-30-aout-2008","status":"publish","type":"page","link":"https:\/\/fifty-one-mons-levant.be\/?page_id=527","title":{"rendered":"Photos du Samedi 30 Ao\u00fbt 2008"},"content":{"rendered":"<p>Apr\u00e8s un premier embarquement \u00e0 Casteau, le rendez-vous suivant m\u00e8ne la fine \u00e9quipe de d\u00e9m\u00e9nageurs \u00e0 Baudour chez un ancien membre du FOC Jemappes en Borinage.<\/p>\n<p><a href=\"http:\/\/fifty-one-mons-levant.be\/wp-content\/uploads\/2017\/12\/DSC_0128.jpg\"><img loading=\"lazy\" decoding=\"async\" class=\"aligncenter wp-image-528 size-full\" src=\"http:\/\/fifty-one-mons-levant.be\/wp-content\/uploads\/2017\/12\/DSC_0128.jpg\" alt=\"\" width=\"800\" height=\"536\" srcset=\"https:\/\/fifty-one-mons-levant.be\/wp-content\/uploads\/2017\/12\/DSC_0128.jpg 800w, https:\/\/fifty-one-mons-levant.be\/wp-content\/uploads\/2017\/12\/DSC_0128-300x201.jpg 300w, https:\/\/fifty-one-mons-levant.be\/wp-content\/uploads\/2017\/12\/DSC_0128-768x515.jpg 768w\" sizes=\"auto, (max-width: 706px) 89vw, (max-width: 767px) 82vw, 740px\" \/><\/a><\/p>\n<p>Ensuite notre convoi fait halte \u00e0 La Bouverie<\/p>\n<p><a href=\"http:\/\/fifty-one-mons-levant.be\/wp-content\/uploads\/2017\/12\/DSC_0132.jpg\"><img loading=\"lazy\" decoding=\"async\" class=\"aligncenter size-full wp-image-529\" src=\"http:\/\/fifty-one-mons-levant.be\/wp-content\/uploads\/2017\/12\/DSC_0132.jpg\" alt=\"\" width=\"800\" height=\"536\" srcset=\"https:\/\/fifty-one-mons-levant.be\/wp-content\/uploads\/2017\/12\/DSC_0132.jpg 800w, https:\/\/fifty-one-mons-levant.be\/wp-content\/uploads\/2017\/12\/DSC_0132-300x201.jpg 300w, https:\/\/fifty-one-mons-levant.be\/wp-content\/uploads\/2017\/12\/DSC_0132-768x515.jpg 768w\" sizes=\"auto, (max-width: 706px) 89vw, (max-width: 767px) 82vw, 740px\" \/><\/a><\/p>\n<p>Apr\u00e8s d&rsquo;autres arr\u00eats \u00e0 Boussu-Bois et Honnelles, nous prenons la route de Hautmont, pour y d\u00e9couvrir ce genre de paysage. L&rsquo;arm\u00e9e est omnipr\u00e9sente pour le grand nettoyage: arbres cass\u00e9s, maisons d\u00e9truites, rues encombr\u00e9es, &#8230;<\/p>\n<p><a href=\"http:\/\/fifty-one-mons-levant.be\/wp-content\/uploads\/2017\/12\/DSC_0133.jpg\"><img loading=\"lazy\" decoding=\"async\" class=\"aligncenter size-full wp-image-530\" src=\"http:\/\/fifty-one-mons-levant.be\/wp-content\/uploads\/2017\/12\/DSC_0133.jpg\" alt=\"\" width=\"800\" height=\"536\" srcset=\"https:\/\/fifty-one-mons-levant.be\/wp-content\/uploads\/2017\/12\/DSC_0133.jpg 800w, https:\/\/fifty-one-mons-levant.be\/wp-content\/uploads\/2017\/12\/DSC_0133-300x201.jpg 300w, https:\/\/fifty-one-mons-levant.be\/wp-content\/uploads\/2017\/12\/DSC_0133-768x515.jpg 768w\" sizes=\"auto, (max-width: 706px) 89vw, (max-width: 767px) 82vw, 740px\" \/><\/a><\/p>\n<p>Arriv\u00e9e \u00e0 Boussi\u00e8res sur Sambre, o\u00f9 une \u00e9quipe local nous aide \u00e0 vider nos camions dans les locaux de la munipalit\u00e9 (salle des f\u00eates).<\/p>\n<p><a href=\"http:\/\/fifty-one-mons-levant.be\/wp-content\/uploads\/2017\/12\/DSC_0137.jpg\"><img loading=\"lazy\" decoding=\"async\" class=\"aligncenter size-full wp-image-531\" src=\"http:\/\/fifty-one-mons-levant.be\/wp-content\/uploads\/2017\/12\/DSC_0137.jpg\" alt=\"\" width=\"800\" height=\"536\" srcset=\"https:\/\/fifty-one-mons-levant.be\/wp-content\/uploads\/2017\/12\/DSC_0137.jpg 800w, https:\/\/fifty-one-mons-levant.be\/wp-content\/uploads\/2017\/12\/DSC_0137-300x201.jpg 300w, https:\/\/fifty-one-mons-levant.be\/wp-content\/uploads\/2017\/12\/DSC_0137-768x515.jpg 768w\" sizes=\"auto, (max-width: 706px) 89vw, (max-width: 767px) 82vw, 740px\" \/><\/a><\/p>\n<p><a href=\"http:\/\/fifty-one-mons-levant.be\/wp-content\/uploads\/2017\/12\/DSC_0145.jpg\"><img loading=\"lazy\" decoding=\"async\" class=\"aligncenter size-full wp-image-533\" src=\"http:\/\/fifty-one-mons-levant.be\/wp-content\/uploads\/2017\/12\/DSC_0145.jpg\" alt=\"\" width=\"800\" height=\"536\" srcset=\"https:\/\/fifty-one-mons-levant.be\/wp-content\/uploads\/2017\/12\/DSC_0145.jpg 800w, https:\/\/fifty-one-mons-levant.be\/wp-content\/uploads\/2017\/12\/DSC_0145-300x201.jpg 300w, https:\/\/fifty-one-mons-levant.be\/wp-content\/uploads\/2017\/12\/DSC_0145-768x515.jpg 768w\" sizes=\"auto, (max-width: 706px) 89vw, (max-width: 767px) 82vw, 740px\" \/><\/a><\/p>\n<p>A la sortie de la salle des f\u00eates, une journaliste d&rsquo;RTL receuille les impressions de nos deux pr\u00e9sidents: Herv\u00e9 Delgombe et Jacques Mertens.<\/p>\n<p><a href=\"http:\/\/fifty-one-mons-levant.be\/wp-content\/uploads\/2017\/12\/DSC_0140.jpg\"><img loading=\"lazy\" decoding=\"async\" class=\"aligncenter size-full wp-image-532\" src=\"http:\/\/fifty-one-mons-levant.be\/wp-content\/uploads\/2017\/12\/DSC_0140.jpg\" alt=\"\" width=\"800\" height=\"536\" srcset=\"https:\/\/fifty-one-mons-levant.be\/wp-content\/uploads\/2017\/12\/DSC_0140.jpg 800w, https:\/\/fifty-one-mons-levant.be\/wp-content\/uploads\/2017\/12\/DSC_0140-300x201.jpg 300w, https:\/\/fifty-one-mons-levant.be\/wp-content\/uploads\/2017\/12\/DSC_0140-768x515.jpg 768w\" sizes=\"auto, (max-width: 706px) 89vw, (max-width: 767px) 82vw, 740px\" \/><\/a><\/p>\n<p>Le maire de Boussi\u00e8re sur Sambre nous offre le verre de l&rsquo;amiti\u00e9 dans sa mairie.<\/p>\n<p><a href=\"http:\/\/fifty-one-mons-levant.be\/wp-content\/uploads\/2017\/12\/DSC_0150.jpg\"><img loading=\"lazy\" decoding=\"async\" class=\"aligncenter size-full wp-image-534\" src=\"http:\/\/fifty-one-mons-levant.be\/wp-content\/uploads\/2017\/12\/DSC_0150.jpg\" alt=\"\" width=\"800\" height=\"536\" srcset=\"https:\/\/fifty-one-mons-levant.be\/wp-content\/uploads\/2017\/12\/DSC_0150.jpg 800w, https:\/\/fifty-one-mons-levant.be\/wp-content\/uploads\/2017\/12\/DSC_0150-300x201.jpg 300w, https:\/\/fifty-one-mons-levant.be\/wp-content\/uploads\/2017\/12\/DSC_0150-768x515.jpg 768w\" sizes=\"auto, (max-width: 706px) 89vw, (max-width: 767px) 82vw, 740px\" \/><\/a><\/p>\n<p>La photo souvenir r\u00e9unissant tous les volontaires de cette journ\u00e9e.<\/p>\n<p><a href=\"http:\/\/fifty-one-mons-levant.be\/wp-content\/uploads\/2017\/12\/DSC_0155.jpg\"><img loading=\"lazy\" decoding=\"async\" class=\"aligncenter size-full wp-image-535\" src=\"http:\/\/fifty-one-mons-levant.be\/wp-content\/uploads\/2017\/12\/DSC_0155.jpg\" alt=\"\" width=\"800\" height=\"536\" srcset=\"https:\/\/fifty-one-mons-levant.be\/wp-content\/uploads\/2017\/12\/DSC_0155.jpg 800w, https:\/\/fifty-one-mons-levant.be\/wp-content\/uploads\/2017\/12\/DSC_0155-300x201.jpg 300w, https:\/\/fifty-one-mons-levant.be\/wp-content\/uploads\/2017\/12\/DSC_0155-768x515.jpg 768w\" sizes=\"auto, (max-width: 706px) 89vw, (max-width: 767px) 82vw, 740px\" \/><\/a><\/p>\n","protected":false},"excerpt":{"rendered":"<p>Apr\u00e8s un premier embarquement \u00e0 Casteau, le rendez-vous suivant m\u00e8ne la fine \u00e9quipe de d\u00e9m\u00e9nageurs \u00e0 Baudour chez un ancien membre du FOC Jemappes en Borinage. Ensuite notre convoi fait halte \u00e0 La Bouverie Apr\u00e8s d&rsquo;autres arr\u00eats \u00e0 Boussu-Bois et Honnelles, nous prenons la route de Hautmont, pour y d\u00e9couvrir ce genre de paysage. L&rsquo;arm\u00e9e &hellip; <\/p>\n<p class=\"link-more\"><a href=\"https:\/\/fifty-one-mons-levant.be\/?page_id=527\" class=\"more-link\">Continuer la lecture<span class=\"screen-reader-text\"> de &laquo;&nbsp;Photos du Samedi 30 Ao\u00fbt 2008&nbsp;&raquo;<\/span><\/a><\/p>\n","protected":false},"author":3,"featured_media":0,"parent":499,"menu_order":0,"comment_status":"closed","ping_status":"closed","template":"","meta":{"_monsterinsights_skip_tracking":false,"_monsterinsights_sitenote_active":false,"_monsterinsights_sitenote_note":"","_monsterinsights_sitenote_category":0,"ngg_post_thumbnail":0,"footnotes":""},"class_list":["post-527","page","type-page","status-publish","hentry"],"_links":{"self":[{"href":"https:\/\/fifty-one-mons-levant.be\/index.php?rest_route=\/wp\/v2\/pages\/527","targetHints":{"allow":["GET"]}}],"collection":[{"href":"https:\/\/fifty-one-mons-levant.be\/index.php?rest_route=\/wp\/v2\/pages"}],"about":[{"href":"https:\/\/fifty-one-mons-levant.be\/index.php?rest_route=\/wp\/v2\/types\/page"}],"author":[{"embeddable":true,"href":"https:\/\/fifty-one-mons-levant.be\/index.php?rest_route=\/wp\/v2\/users\/3"}],"replies":[{"embeddable":true,"href":"https:\/\/fifty-one-mons-levant.be\/index.php?rest_route=%2Fwp%2Fv2%2Fcomments&post=527"}],"version-history":[{"count":4,"href":"https:\/\/fifty-one-mons-levant.be\/index.php?rest_route=\/wp\/v2\/pages\/527\/revisions"}],"predecessor-version":[{"id":2895,"href":"https:\/\/fifty-one-mons-levant.be\/index.php?rest_route=\/wp\/v2\/pages\/527\/revisions\/2895"}],"up":[{"embeddable":true,"href":"https:\/\/fifty-one-mons-levant.be\/index.php?rest_route=\/wp\/v2\/pages\/499"}],"wp:attachment":[{"href":"https:\/\/fifty-one-mons-levant.be\/index.php?rest_route=%2Fwp%2Fv2%2Fmedia&parent=527"}],"curies":[{"name":"wp","href":"https:\/\/api.w.org\/{rel}","templated":true}]}}