{"id":539,"date":"2008-09-06T23:35:11","date_gmt":"2008-09-06T21:35:11","guid":{"rendered":"http:\/\/fifty-one-mons-levant.be\/?page_id=539"},"modified":"2017-12-15T23:40:10","modified_gmt":"2017-12-15T22:40:10","slug":"photos-du-samedi-6-septembre-2008","status":"publish","type":"page","link":"https:\/\/fifty-one-mons-levant.be\/?page_id=539","title":{"rendered":"Photos du Samedi 6 Septembre 2008"},"content":{"rendered":"<p>Pour le troisi\u00e8me samedi cons\u00e9cutif, notre premi\u00e8re \u00e9tape est la vidange du garage de Jacques qui nous sert de premier endroit de stockage<\/p>\n<p><a href=\"http:\/\/fifty-one-mons-levant.be\/wp-content\/uploads\/2017\/12\/100_4135.jpg\"><img loading=\"lazy\" decoding=\"async\" class=\"aligncenter size-full wp-image-541\" src=\"http:\/\/fifty-one-mons-levant.be\/wp-content\/uploads\/2017\/12\/100_4135.jpg\" alt=\"\" width=\"800\" height=\"600\" srcset=\"https:\/\/fifty-one-mons-levant.be\/wp-content\/uploads\/2017\/12\/100_4135.jpg 800w, https:\/\/fifty-one-mons-levant.be\/wp-content\/uploads\/2017\/12\/100_4135-300x225.jpg 300w, https:\/\/fifty-one-mons-levant.be\/wp-content\/uploads\/2017\/12\/100_4135-768x576.jpg 768w\" sizes=\"auto, (max-width: 706px) 89vw, (max-width: 767px) 82vw, 740px\" \/><\/a><\/p>\n<p>Une fois le chargement embarqu\u00e9, direction Masnuy-St-Jean<\/p>\n<p><a href=\"http:\/\/fifty-one-mons-levant.be\/wp-content\/uploads\/2017\/12\/DSC_0168.jpg\"><img loading=\"lazy\" decoding=\"async\" class=\"aligncenter size-full wp-image-543\" src=\"http:\/\/fifty-one-mons-levant.be\/wp-content\/uploads\/2017\/12\/DSC_0168.jpg\" alt=\"\" width=\"800\" height=\"536\" srcset=\"https:\/\/fifty-one-mons-levant.be\/wp-content\/uploads\/2017\/12\/DSC_0168.jpg 800w, https:\/\/fifty-one-mons-levant.be\/wp-content\/uploads\/2017\/12\/DSC_0168-300x201.jpg 300w, https:\/\/fifty-one-mons-levant.be\/wp-content\/uploads\/2017\/12\/DSC_0168-768x515.jpg 768w\" sizes=\"auto, (max-width: 706px) 89vw, (max-width: 767px) 82vw, 740px\" \/><\/a> <a href=\"http:\/\/fifty-one-mons-levant.be\/wp-content\/uploads\/2017\/12\/DSC_0166.jpg\"><img loading=\"lazy\" decoding=\"async\" class=\"aligncenter size-full wp-image-542\" src=\"http:\/\/fifty-one-mons-levant.be\/wp-content\/uploads\/2017\/12\/DSC_0166.jpg\" alt=\"\" width=\"800\" height=\"536\" srcset=\"https:\/\/fifty-one-mons-levant.be\/wp-content\/uploads\/2017\/12\/DSC_0166.jpg 800w, https:\/\/fifty-one-mons-levant.be\/wp-content\/uploads\/2017\/12\/DSC_0166-300x201.jpg 300w, https:\/\/fifty-one-mons-levant.be\/wp-content\/uploads\/2017\/12\/DSC_0166-768x515.jpg 768w\" sizes=\"auto, (max-width: 706px) 89vw, (max-width: 767px) 82vw, 740px\" \/><\/a><\/p>\n<p>Apr\u00e8s une halte \u00e0 Saint-Symphorien et une derni\u00e8re au boulevard Gendebien, nous avons pris la route de Boussi\u00e8re-sur-Sambre o\u00f9 notre camion est arriv\u00e9 bien rempli<\/p>\n<p><a href=\"http:\/\/fifty-one-mons-levant.be\/wp-content\/uploads\/2017\/12\/DSC_0176.jpg\"><img loading=\"lazy\" decoding=\"async\" class=\"aligncenter size-full wp-image-544\" src=\"http:\/\/fifty-one-mons-levant.be\/wp-content\/uploads\/2017\/12\/DSC_0176.jpg\" alt=\"\" width=\"800\" height=\"536\" srcset=\"https:\/\/fifty-one-mons-levant.be\/wp-content\/uploads\/2017\/12\/DSC_0176.jpg 800w, https:\/\/fifty-one-mons-levant.be\/wp-content\/uploads\/2017\/12\/DSC_0176-300x201.jpg 300w, https:\/\/fifty-one-mons-levant.be\/wp-content\/uploads\/2017\/12\/DSC_0176-768x515.jpg 768w\" sizes=\"auto, (max-width: 706px) 89vw, (max-width: 767px) 82vw, 740px\" \/><\/a><\/p>\n<p>Mr le Maire passe rapidement en revue les dons et se montre fort enthousiaste sur nos efforts<\/p>\n<p><a href=\"http:\/\/fifty-one-mons-levant.be\/wp-content\/uploads\/2017\/12\/DSC_0177.jpg\"><img loading=\"lazy\" decoding=\"async\" class=\"aligncenter size-full wp-image-545\" src=\"http:\/\/fifty-one-mons-levant.be\/wp-content\/uploads\/2017\/12\/DSC_0177.jpg\" alt=\"\" width=\"800\" height=\"536\" srcset=\"https:\/\/fifty-one-mons-levant.be\/wp-content\/uploads\/2017\/12\/DSC_0177.jpg 800w, https:\/\/fifty-one-mons-levant.be\/wp-content\/uploads\/2017\/12\/DSC_0177-300x201.jpg 300w, https:\/\/fifty-one-mons-levant.be\/wp-content\/uploads\/2017\/12\/DSC_0177-768x515.jpg 768w\" sizes=\"auto, (max-width: 706px) 89vw, (max-width: 767px) 82vw, 740px\" \/><\/a><\/p>\n<p>Et la journ\u00e9e se termine autour d&rsquo;une table pour une bonne Affligem (que nous attendions toujours au moment de la photo)<\/p>\n<p><img loading=\"lazy\" decoding=\"async\" class=\"aligncenter size-full wp-image-546\" src=\"http:\/\/fifty-one-mons-levant.be\/wp-content\/uploads\/2017\/12\/DSC_0179.jpg\" alt=\"\" width=\"800\" height=\"536\" srcset=\"https:\/\/fifty-one-mons-levant.be\/wp-content\/uploads\/2017\/12\/DSC_0179.jpg 800w, https:\/\/fifty-one-mons-levant.be\/wp-content\/uploads\/2017\/12\/DSC_0179-300x201.jpg 300w, https:\/\/fifty-one-mons-levant.be\/wp-content\/uploads\/2017\/12\/DSC_0179-768x515.jpg 768w\" sizes=\"auto, (max-width: 706px) 89vw, (max-width: 767px) 82vw, 740px\" \/><\/p>\n<p>&nbsp;<\/p>\n","protected":false},"excerpt":{"rendered":"<p>Pour le troisi\u00e8me samedi cons\u00e9cutif, notre premi\u00e8re \u00e9tape est la vidange du garage de Jacques qui nous sert de premier endroit de stockage Une fois le chargement embarqu\u00e9, direction Masnuy-St-Jean Apr\u00e8s une halte \u00e0 Saint-Symphorien et une derni\u00e8re au boulevard Gendebien, nous avons pris la route de Boussi\u00e8re-sur-Sambre o\u00f9 notre camion est arriv\u00e9 bien rempli &hellip; <\/p>\n<p class=\"link-more\"><a href=\"https:\/\/fifty-one-mons-levant.be\/?page_id=539\" class=\"more-link\">Continuer la lecture<span class=\"screen-reader-text\"> de &laquo;&nbsp;Photos du Samedi 6 Septembre 2008&nbsp;&raquo;<\/span><\/a><\/p>\n","protected":false},"author":3,"featured_media":0,"parent":499,"menu_order":0,"comment_status":"closed","ping_status":"closed","template":"","meta":{"_monsterinsights_skip_tracking":false,"_monsterinsights_sitenote_active":false,"_monsterinsights_sitenote_note":"","_monsterinsights_sitenote_category":0,"ngg_post_thumbnail":0,"footnotes":""},"class_list":["post-539","page","type-page","status-publish","hentry"],"_links":{"self":[{"href":"https:\/\/fifty-one-mons-levant.be\/index.php?rest_route=\/wp\/v2\/pages\/539","targetHints":{"allow":["GET"]}}],"collection":[{"href":"https:\/\/fifty-one-mons-levant.be\/index.php?rest_route=\/wp\/v2\/pages"}],"about":[{"href":"https:\/\/fifty-one-mons-levant.be\/index.php?rest_route=\/wp\/v2\/types\/page"}],"author":[{"embeddable":true,"href":"https:\/\/fifty-one-mons-levant.be\/index.php?rest_route=\/wp\/v2\/users\/3"}],"replies":[{"embeddable":true,"href":"https:\/\/fifty-one-mons-levant.be\/index.php?rest_route=%2Fwp%2Fv2%2Fcomments&post=539"}],"version-history":[{"count":2,"href":"https:\/\/fifty-one-mons-levant.be\/index.php?rest_route=\/wp\/v2\/pages\/539\/revisions"}],"predecessor-version":[{"id":547,"href":"https:\/\/fifty-one-mons-levant.be\/index.php?rest_route=\/wp\/v2\/pages\/539\/revisions\/547"}],"up":[{"embeddable":true,"href":"https:\/\/fifty-one-mons-levant.be\/index.php?rest_route=\/wp\/v2\/pages\/499"}],"wp:attachment":[{"href":"https:\/\/fifty-one-mons-levant.be\/index.php?rest_route=%2Fwp%2Fv2%2Fmedia&parent=539"}],"curies":[{"name":"wp","href":"https:\/\/api.w.org\/{rel}","templated":true}]}}