{"id":7031,"date":"2024-02-22T13:34:48","date_gmt":"2024-02-22T12:34:48","guid":{"rendered":"http:\/\/fifty-one-mons-levant.be\/?page_id=7031"},"modified":"2024-02-22T13:34:48","modified_gmt":"2024-02-22T12:34:48","slug":"reglement-general-sur-la-protection-des-donnees","status":"publish","type":"page","link":"https:\/\/fifty-one-mons-levant.be\/?page_id=7031","title":{"rendered":"R\u00e8glement G\u00e9n\u00e9ral sur la Protection des Donn\u00e9es"},"content":{"rendered":"\n<div data-wp-interactive=\"core\/file\" class=\"wp-block-file\"><object data-wp-bind--hidden=\"!state.hasPdfPreview\" hidden class=\"wp-block-file__embed\" data=\"http:\/\/fifty-one-mons-levant.be\/wp-content\/uploads\/2024\/02\/20231231_FOCML_RGPD_v1.0.pdf\" type=\"application\/pdf\" style=\"width:100%;height:600px\" aria-label=\"Contenu embarqu\u00e9 20231231_FOCML_RGPD_v1.0.\"><\/object><a id=\"wp-block-file--media-7edc2c92-4652-4149-842c-73808084a702\" href=\"http:\/\/fifty-one-mons-levant.be\/wp-content\/uploads\/2024\/02\/20231231_FOCML_RGPD_v1.0.pdf\">20231231_FOCML_RGPD_v1.0<\/a><a href=\"http:\/\/fifty-one-mons-levant.be\/wp-content\/uploads\/2024\/02\/20231231_FOCML_RGPD_v1.0.pdf\" class=\"wp-block-file__button wp-element-button\" download aria-describedby=\"wp-block-file--media-7edc2c92-4652-4149-842c-73808084a702\">T\u00e9l\u00e9charger<\/a><\/div>\n","protected":false},"excerpt":{"rendered":"","protected":false},"author":4,"featured_media":0,"parent":0,"menu_order":0,"comment_status":"closed","ping_status":"closed","template":"","meta":{"_monsterinsights_skip_tracking":false,"_monsterinsights_sitenote_active":false,"_monsterinsights_sitenote_note":"","_monsterinsights_sitenote_category":0,"ngg_post_thumbnail":0,"footnotes":""},"class_list":["post-7031","page","type-page","status-publish","hentry"],"_links":{"self":[{"href":"https:\/\/fifty-one-mons-levant.be\/index.php?rest_route=\/wp\/v2\/pages\/7031","targetHints":{"allow":["GET"]}}],"collection":[{"href":"https:\/\/fifty-one-mons-levant.be\/index.php?rest_route=\/wp\/v2\/pages"}],"about":[{"href":"https:\/\/fifty-one-mons-levant.be\/index.php?rest_route=\/wp\/v2\/types\/page"}],"author":[{"embeddable":true,"href":"https:\/\/fifty-one-mons-levant.be\/index.php?rest_route=\/wp\/v2\/users\/4"}],"replies":[{"embeddable":true,"href":"https:\/\/fifty-one-mons-levant.be\/index.php?rest_route=%2Fwp%2Fv2%2Fcomments&post=7031"}],"version-history":[{"count":1,"href":"https:\/\/fifty-one-mons-levant.be\/index.php?rest_route=\/wp\/v2\/pages\/7031\/revisions"}],"predecessor-version":[{"id":7033,"href":"https:\/\/fifty-one-mons-levant.be\/index.php?rest_route=\/wp\/v2\/pages\/7031\/revisions\/7033"}],"wp:attachment":[{"href":"https:\/\/fifty-one-mons-levant.be\/index.php?rest_route=%2Fwp%2Fv2%2Fmedia&parent=7031"}],"curies":[{"name":"wp","href":"https:\/\/api.w.org\/{rel}","templated":true}]}}