{"id":7323,"date":"2025-09-08T00:14:59","date_gmt":"2025-09-07T22:14:59","guid":{"rendered":"https:\/\/fifty-one-mons-levant.be\/?page_id=7323"},"modified":"2025-09-08T00:14:59","modified_gmt":"2025-09-07T22:14:59","slug":"photos-depuis-2025","status":"publish","type":"page","link":"https:\/\/fifty-one-mons-levant.be\/?page_id=7323","title":{"rendered":"Photos depuis 2025"},"content":{"rendered":"<ul class=\"wp-block-latest-posts__list has-dates wp-block-latest-posts\"><li><a class=\"wp-block-latest-posts__post-title\" href=\"https:\/\/fifty-one-mons-levant.be\/?p=7526\">RS969: Atelier assemblage boites de couleurs<\/a><time datetime=\"2026-04-03T12:04:58+02:00\" class=\"wp-block-latest-posts__post-date\">3 avril 2026<\/time><div class=\"wp-block-latest-posts__post-excerpt\">Apr\u00e8s un excellent repas qui a permis \u00e0 chacun de charger ses batteries, tout le monde \u00e9tait pr\u00eat pour d\u00e9marrer notre atelier du soir. Assemblez en deux lignes de production les 50 boites que nous remettrons au centre F\u00e9dasil sans le cadre de notre aide aux r\u00e9fugi\u00e9s.&nbsp; Le tout s\u2019est fait dans la bonne humeur &hellip; <p class=\"link-more\"><a href=\"https:\/\/fifty-one-mons-levant.be\/?p=7526\" class=\"more-link\">Continuer la lecture<span class=\"screen-reader-text\"> de &laquo;&nbsp;RS969: Atelier assemblage boites de couleurs&nbsp;&raquo;<\/span><\/a><\/p><\/div><\/li>\n<li><a class=\"wp-block-latest-posts__post-title\" href=\"https:\/\/fifty-one-mons-levant.be\/?p=7382\">RS958: Test des jeux en bois pr\u00e9vus pour Viva for Life<\/a><time datetime=\"2025-10-17T10:24:36+02:00\" class=\"wp-block-latest-posts__post-date\">17 octobre 2025<\/time><div class=\"wp-block-latest-posts__post-excerpt\">Malgr\u00e9 la fin de notre aventure VIVA For LIFE avec la r\u00e9gionale Hainaut Centre, notre club a voulu mettre en pratique les jeux en bois qui ont \u00e9t\u00e9 construit pour cet \u00e9v\u00e9nement. Ces jeux ont \u00e9t\u00e9 fabriqu\u00e9s par Bruno. Nous avions 4 jeux \u00e0 notre disposition, en voici quelques souvenirs: Video 1 Video 2<\/div><\/li>\n<li><a class=\"wp-block-latest-posts__post-title\" href=\"https:\/\/fifty-one-mons-levant.be\/?p=7319\">RS955: 4h Cuistax \u00e0 Ecaussinnes (7\/09\/2025)<\/a><time datetime=\"2025-09-08T00:07:34+02:00\" class=\"wp-block-latest-posts__post-date\">8 septembre 2025<\/time><div class=\"wp-block-latest-posts__post-excerpt\">Nous avions d\u00e9cid\u00e9 de participer \u00e0 cette \u00e9preuve d&rsquo;un nouveau genre organis\u00e9 par le Fifty-One Club d&rsquo;Ecaussinnes. 3 br\u00e2ves ont repr\u00e9sent\u00e9 dignement notre club lors de cette comp\u00e9tition, ils \u00e9taient renforc\u00e9s par des membres de leur famille, soit 6 p\u00e9daleurs au final. Si le premier a pu boucl\u00e9 52 tours sur les 4h, nous en &hellip; <p class=\"link-more\"><a href=\"https:\/\/fifty-one-mons-levant.be\/?p=7319\" class=\"more-link\">Continuer la lecture<span class=\"screen-reader-text\"> de &laquo;&nbsp;RS955: 4h Cuistax \u00e0 Ecaussinnes (7\/09\/2025)&nbsp;&raquo;<\/span><\/a><\/p><\/div><\/li>\n<\/ul>","protected":false},"excerpt":{"rendered":"","protected":false},"author":4,"featured_media":0,"parent":0,"menu_order":0,"comment_status":"closed","ping_status":"closed","template":"","meta":{"_monsterinsights_skip_tracking":false,"_monsterinsights_sitenote_active":false,"_monsterinsights_sitenote_note":"","_monsterinsights_sitenote_category":0,"ngg_post_thumbnail":0,"footnotes":""},"class_list":["post-7323","page","type-page","status-publish","hentry"],"_links":{"self":[{"href":"https:\/\/fifty-one-mons-levant.be\/index.php?rest_route=\/wp\/v2\/pages\/7323","targetHints":{"allow":["GET"]}}],"collection":[{"href":"https:\/\/fifty-one-mons-levant.be\/index.php?rest_route=\/wp\/v2\/pages"}],"about":[{"href":"https:\/\/fifty-one-mons-levant.be\/index.php?rest_route=\/wp\/v2\/types\/page"}],"author":[{"embeddable":true,"href":"https:\/\/fifty-one-mons-levant.be\/index.php?rest_route=\/wp\/v2\/users\/4"}],"replies":[{"embeddable":true,"href":"https:\/\/fifty-one-mons-levant.be\/index.php?rest_route=%2Fwp%2Fv2%2Fcomments&post=7323"}],"version-history":[{"count":1,"href":"https:\/\/fifty-one-mons-levant.be\/index.php?rest_route=\/wp\/v2\/pages\/7323\/revisions"}],"predecessor-version":[{"id":7324,"href":"https:\/\/fifty-one-mons-levant.be\/index.php?rest_route=\/wp\/v2\/pages\/7323\/revisions\/7324"}],"wp:attachment":[{"href":"https:\/\/fifty-one-mons-levant.be\/index.php?rest_route=%2Fwp%2Fv2%2Fmedia&parent=7323"}],"curies":[{"name":"wp","href":"https:\/\/api.w.org\/{rel}","templated":true}]}}