{"id":850,"date":"2017-12-23T23:29:43","date_gmt":"2017-12-23T22:29:43","guid":{"rendered":"http:\/\/fifty-one-mons-levant.be\/?page_id=850"},"modified":"2025-09-08T00:16:07","modified_gmt":"2025-09-07T22:16:07","slug":"photo-rs824","status":"publish","type":"page","link":"https:\/\/fifty-one-mons-levant.be\/?page_id=850","title":{"rendered":"Gallerie Photos"},"content":{"rendered":"\n<p><strong><a href=\"https:\/\/fifty-one-mons-levant.be\/?page_id=7323\" data-type=\"link\" data-id=\"https:\/\/fifty-one-mons-levant.be\/?page_id=7323\">A partir de septembre 2025<\/a><\/strong><\/p>\n\n\n\n<p><strong><a href=\"http:\/\/fifty-one-mons-levant.be\/?page_id=3754\">Service \u00e0 la communaut\u00e9<\/a><\/strong><\/p>\n\n\n\n<p><strong><a href=\"http:\/\/fifty-one-mons-levant.be\/?page_id=3757\">R\u00e9unions Statutaires<\/a><\/strong><\/p>\n\n\n\n<p><a href=\"http:\/\/fifty-one-mons-levant.be\/?page_id=6073\"><strong>Rencontres<\/strong><\/a><\/p>\n\n\n\n<p><strong><a href=\"http:\/\/fifty-one-mons-levant.be\/?page_id=3767\">Ev\u00e9nements<\/a><\/strong><\/p>\n","protected":false},"excerpt":{"rendered":"<p>A partir de septembre 2025 Service \u00e0 la communaut\u00e9 R\u00e9unions Statutaires Rencontres Ev\u00e9nements<\/p>\n","protected":false},"author":3,"featured_media":0,"parent":315,"menu_order":0,"comment_status":"closed","ping_status":"closed","template":"","meta":{"_monsterinsights_skip_tracking":false,"_monsterinsights_sitenote_active":false,"_monsterinsights_sitenote_note":"","_monsterinsights_sitenote_category":0,"ngg_post_thumbnail":0,"footnotes":""},"class_list":["post-850","page","type-page","status-publish","hentry"],"_links":{"self":[{"href":"https:\/\/fifty-one-mons-levant.be\/index.php?rest_route=\/wp\/v2\/pages\/850","targetHints":{"allow":["GET"]}}],"collection":[{"href":"https:\/\/fifty-one-mons-levant.be\/index.php?rest_route=\/wp\/v2\/pages"}],"about":[{"href":"https:\/\/fifty-one-mons-levant.be\/index.php?rest_route=\/wp\/v2\/types\/page"}],"author":[{"embeddable":true,"href":"https:\/\/fifty-one-mons-levant.be\/index.php?rest_route=\/wp\/v2\/users\/3"}],"replies":[{"embeddable":true,"href":"https:\/\/fifty-one-mons-levant.be\/index.php?rest_route=%2Fwp%2Fv2%2Fcomments&post=850"}],"version-history":[{"count":25,"href":"https:\/\/fifty-one-mons-levant.be\/index.php?rest_route=\/wp\/v2\/pages\/850\/revisions"}],"predecessor-version":[{"id":7325,"href":"https:\/\/fifty-one-mons-levant.be\/index.php?rest_route=\/wp\/v2\/pages\/850\/revisions\/7325"}],"up":[{"embeddable":true,"href":"https:\/\/fifty-one-mons-levant.be\/index.php?rest_route=\/wp\/v2\/pages\/315"}],"wp:attachment":[{"href":"https:\/\/fifty-one-mons-levant.be\/index.php?rest_route=%2Fwp%2Fv2%2Fmedia&parent=850"}],"curies":[{"name":"wp","href":"https:\/\/api.w.org\/{rel}","templated":true}]}}